{"id":13,"date":"2016-09-22T09:37:25","date_gmt":"2016-09-22T07:37:25","guid":{"rendered":"http:\/\/eloge.net\/?page_id=13"},"modified":"2019-12-11T19:01:34","modified_gmt":"2019-12-11T18:01:34","slug":"creation-entreprises","status":"publish","type":"page","link":"https:\/\/eloge.net\/index.php\/creation-entreprises\/","title":{"rendered":"CREATION ENTREPRISES"},"content":{"rendered":"<h1>Pourquoi cr\u00e9er une Entreprise ?<a href=\"https:\/\/eloge.net\/index.php\/creation-entreprises\/idee\/\" rel=\"attachment wp-att-791\"><img loading=\"lazy\" class=\"alignright wp-image-791 size-medium\" src=\"https:\/\/eloge.net\/wp-content\/uploads\/2016\/09\/id\u00e9e-300x200.jpg\" alt=\"id\u00e9e de cr\u00e9ation d'entreprise\" width=\"300\" height=\"200\" \/><\/a><\/h1>\n<h3><span style=\"color: #008000;\">Vous avez une id\u00e9e qui vaut de l&rsquo;or ! Un savoir-faire recherch\u00e9 ! Des comp\u00e9tences rares !<\/span><\/h3>\n<p><span style=\"color: #ff0000;\">Il vous faut une structure pour l&rsquo;exploiter !<\/span><\/p>\n<h2>Etudions ensemble votre id\u00e9e !<\/h2>\n<h3>Contactez nous :<b><\/b><i><\/i><u><\/u><\/h3>\n<ul>\n<li>Via le <a href=\"https:\/\/eloge.net\/index.php\/contact\/\">Formulaire <\/a><\/li>\n<li>Par mail contact@eloge.net<\/li>\n<li>Par Tel : 06 37 50 24 98<\/li>\n<\/ul>\n<h2>O\u00f9 en est votre projet ?<\/h2>\n<ul>\n<li><span style=\"color: #000000;\">Avez vous d\u00e9j\u00e0 r\u00e9alis\u00e9 une \u00e9tude d&rsquo;opportunit\u00e9 ? Une \u00e9tude Marketing ? Un <a href=\"https:\/\/eloge.net\/index.php\/creation-entreprises\/business-plan\/\">business Plan <\/a>?<\/span><\/li>\n<li><span style=\"color: #000000;\">Qui seront vos clients ?<\/span><\/li>\n<li><span style=\"color: #000000;\">Votre\u00a0implantation : locale, r\u00e9gionale, nationale, internationale, mondiale ?<\/span><\/li>\n<li><span style=\"color: #000000;\">Qui sont vos concurrents<\/span> ?<\/li>\n<\/ul>\n<p><span style=\"color: #000000; text-decoration: underline;\">Vous voulez exploiter Seul ou avec des Associ\u00e9s &#8211; Actionnaires ?<\/span><\/p>\n<h2 style=\"text-align: left;\">\u00a0\u00a0\u00a0\u00a0\u00a0\u00a0\u00a0\u00a0\u00a0\u00a0\u00a0\u00a0\u00a0\u00a0\u00a0\u00a0\u00a0\u00a0\u00a0\u00a0\u00a0SEUL :<\/h2>\n<p><span style=\"color: #000000;\">Vous pouvez choisir entre :<\/span><\/p>\n<ul>\n<li><span style=\"color: #000000;\">l&rsquo;AE (Auto-entreprise = forme d&rsquo;entreprise individuelle dont la gestion est simplifi\u00e9e)<\/span><\/li>\n<li><span style=\"color: #000000;\">l&rsquo;EI (Entreprise Individuelle)<\/span><\/li>\n<li><span style=\"color: #000000;\">l&rsquo;EIRL (entreprise individuelle \u00e0 responsabilit\u00e9 limit\u00e9e)<\/span><\/li>\n<\/ul>\n<p style=\"text-align: left;\"><strong>Seul et sous forme Soci\u00e9tale<\/strong><\/p>\n<ul>\n<li><span style=\"color: #000000;\">EURL (entreprise unipersonnelle \u00e0 responsabilit\u00e9 limit\u00e9e)<em> transformable en soci\u00e9t\u00e9 \u00e0 responsabilit\u00e9 limit\u00e9e<\/em><\/span><\/li>\n<li><span style=\"color: #000000;\">SASU (soci\u00e9t\u00e9 par action simplifi\u00e9e \u00e0 associ\u00e9 unique) <i>transformable en soci\u00e9t\u00e9 par actions simplifi\u00e9e<\/i><\/span><\/li>\n<\/ul>\n<h2 style=\"text-align: left;\">\u00a0\u00a0\u00a0\u00a0\u00a0\u00a0\u00a0\u00a0\u00a0\u00a0\u00a0\u00a0\u00a0\u00a0\u00a0\u00a0\u00a0\u00a0\u00a0AVEC DES ASSOCIES &#8211; ACTIONNAIRES :<\/h2>\n<p><span style=\"color: #000000;\">Vous pouvez choisir entre :<\/span><\/p>\n<ul>\n<li><span style=\"color: #000000;\">SARL (soci\u00e9t\u00e9 \u00e0 responsabilit\u00e9 limit\u00e9e)<\/span><\/li>\n<li><span style=\"color: #000000;\">SAS (soci\u00e9t\u00e9 par actions simplifi\u00e9e)<\/span><\/li>\n<li><span style=\"color: #000000;\">SA (soci\u00e9t\u00e9 anonyme)<\/span><\/li>\n<li><span style=\"color: #000000;\">SNC (soci\u00e9t\u00e9 en nom collectif)<\/span><\/li>\n<li><span style=\"color: #000000;\">SEL (soci\u00e9t\u00e9 d&rsquo;exercice lib\u00e9ral)<\/span><\/li>\n<\/ul>\n<p><strong><span style=\"color: #ff0000;\">Le r\u00e9gime fiscal et le statut social du dirigeant d\u00e9pend du type d&rsquo;entreprise choisi !<\/span><\/strong><\/p>\n<p>Voir les <a href=\"https:\/\/eloge.net\/index.php\/creation-entreprises\/les-etapes-de-la-creation-dentreprise\/\">Etapes de la Cr\u00e9ation de l&rsquo;Entreprise<\/a><\/p>\n<div id='share-me'><ul class='share-left'><li><a href=\"http:\/\/www.facebook.com\/sharer.php?u=https:\/\/eloge.net\/index.php\/creation-entreprises\/&t=CREATION+ENTREPRISES\" alt=\"Share on Facebook\" title=\"Share on Facebook\"   onclick=\"return smWindowpop(this.href,545,433)\"><img alt = \"\" src = \"https:\/\/eloge.net\/wp-content\/plugins\/share-me\/\/assets\/images\/simple\/facebook.png\"  height=\"32px\"  width=\"32px\"><\/a><\/li><li><a href=\"https:\/\/plusone.google.com\/_\/+1\/confirm?hl=fr-FR&url=https:\/\/eloge.net\/index.php\/creation-entreprises\/\" alt=\"Share on Google+\" title=\"Share on Google+\"  target=\"_blank\" onclick=\"return smWindowpop(this.href,545,433)\"><img alt = \"\" src = \"https:\/\/eloge.net\/wp-content\/plugins\/share-me\/\/assets\/images\/simple\/googleplus.png\"  height=\"32px\"  width=\"32px\"><\/a><\/li><li><a href=\"http:\/\/www.linkedin.com\/shareArticle?mini=true&url=https:\/\/eloge.net\/index.php\/creation-entreprises\/&title=CREATION+ENTREPRISES&source=E-loge\" onclick=\"return smWindowpop(this.href, 545,433)\"><img alt = \"\" src = \"https:\/\/eloge.net\/wp-content\/plugins\/share-me\/\/assets\/images\/simple\/linkedin.png\"  height=\"32px\"  width=\"32px\"><\/a><\/li><\/ul><\/div><br\/>","protected":false},"excerpt":{"rendered":"<p>Pourquoi cr\u00e9er une Entreprise ? Vous avez une id\u00e9e qui vaut de l&rsquo;or ! Un savoir-faire recherch\u00e9 ! Des comp\u00e9tences rares ! Il vous faut une structure pour l&rsquo;exploiter ! Etudions ensemble votre id\u00e9e ! Contactez nous : Via le Formulaire Par mail contact@eloge.net Par Tel : 06 37 50 &hellip; <a class=\"continue-reading-link\" href=\"https:\/\/eloge.net\/index.php\/creation-entreprises\/\"> Continue reading <span class=\"meta-nav\">&rarr; <\/span><\/a><\/p>\n","protected":false},"author":1,"featured_media":0,"parent":0,"menu_order":0,"comment_status":"closed","ping_status":"closed","template":"template-twocolumns-right.php","meta":[],"_links":{"self":[{"href":"https:\/\/eloge.net\/index.php\/wp-json\/wp\/v2\/pages\/13"}],"collection":[{"href":"https:\/\/eloge.net\/index.php\/wp-json\/wp\/v2\/pages"}],"about":[{"href":"https:\/\/eloge.net\/index.php\/wp-json\/wp\/v2\/types\/page"}],"author":[{"embeddable":true,"href":"https:\/\/eloge.net\/index.php\/wp-json\/wp\/v2\/users\/1"}],"replies":[{"embeddable":true,"href":"https:\/\/eloge.net\/index.php\/wp-json\/wp\/v2\/comments?post=13"}],"version-history":[{"count":18,"href":"https:\/\/eloge.net\/index.php\/wp-json\/wp\/v2\/pages\/13\/revisions"}],"predecessor-version":[{"id":870,"href":"https:\/\/eloge.net\/index.php\/wp-json\/wp\/v2\/pages\/13\/revisions\/870"}],"wp:attachment":[{"href":"https:\/\/eloge.net\/index.php\/wp-json\/wp\/v2\/media?parent=13"}],"curies":[{"name":"wp","href":"https:\/\/api.w.org\/{rel}","templated":true}]}}