{"id":144,"date":"2016-09-23T08:46:12","date_gmt":"2016-09-23T06:46:12","guid":{"rendered":"http:\/\/eloge.net\/?page_id=144"},"modified":"2016-10-18T17:05:01","modified_gmt":"2016-10-18T15:05:01","slug":"droit-des-societes","status":"publish","type":"page","link":"https:\/\/eloge.net\/index.php\/juridique-fiscalite\/droit-des-societes\/","title":{"rendered":"Droit des Soci\u00e9t\u00e9s"},"content":{"rendered":"<h2><a href=\"https:\/\/eloge.net\/index.php\/juridique-fiscalite\/droit-des-societes\/books-441864_1280\/\" rel=\"attachment wp-att-800\"><img loading=\"lazy\" class=\"size-medium wp-image-800 alignright\" src=\"https:\/\/eloge.net\/wp-content\/uploads\/2016\/09\/books-441864_1280-300x225.jpg\" alt=\"books-441864_1280\" width=\"300\" height=\"225\" \/><\/a>Droit des Soci\u00e9t\u00e9s<\/h2>\n<p lang=\"zxx\"><span style=\"font-size: large;\">Le droit des soci\u00e9t\u00e9s est un domaine complexe et formaliste, dont le p\u00e9rim\u00e8tre est large ! Ci-dessous quelques exemples de la port\u00e9e du Droit des Soci\u00e9t\u00e9s :<\/span><\/p>\n<ul>\n<li>\n<p lang=\"zxx\"><span style=\"font-size: large;\">Constitution de soci\u00e9t\u00e9 (SARL, SAS, SA, SCI)<\/span><\/p>\n<\/li>\n<li>\n<p lang=\"zxx\"><span style=\"font-size: large;\">Statuts de soci\u00e9t\u00e9 (SARL, SAS, SA, SCI)<\/span><\/p>\n<\/li>\n<li>\n<p lang=\"zxx\"><span style=\"font-size: large;\">Pacte d\u2019actionnaires<\/span><\/p>\n<\/li>\n<li>\n<p lang=\"zxx\"><span style=\"font-size: large;\">Responsabilit\u00e9 des administrateurs et dirigeants<\/span><\/p>\n<\/li>\n<li>\n<p lang=\"zxx\"><span style=\"font-size: large;\">R\u00e9mun\u00e9ration et int\u00e9ressement des dirigeants et salari\u00e9s<\/span><\/p>\n<\/li>\n<li>\n<p lang=\"zxx\"><span style=\"font-size: large;\">Assembl\u00e9es d\u2019associ\u00e9s<\/span><\/p>\n<\/li>\n<li>\n<p lang=\"zxx\"><span style=\"font-size: large;\">Approbation de comptes<\/span><\/p>\n<\/li>\n<li>\n<p lang=\"zxx\"><span style=\"font-size: large;\">Distribution de dividendes<\/span><\/p>\n<\/li>\n<li>\n<p lang=\"zxx\"><span style=\"font-size: large;\">Nomination de commissaires aux comptes<\/span><\/p>\n<\/li>\n<li>\n<p lang=\"zxx\"><span style=\"font-size: large;\">Augmentation de capital par apport de fonds propres<\/span><\/p>\n<\/li>\n<li>\n<p lang=\"zxx\"><span style=\"font-size: large;\">Augmentation de capital par compensation de cr\u00e9ances<\/span><\/p>\n<\/li>\n<li>\n<p lang=\"zxx\"><span style=\"font-size: large;\">Incorporation de compte courant en capital<\/span><\/p>\n<\/li>\n<li>\n<p lang=\"zxx\"><span style=\"font-size: large;\">Pr\u00eat d\u2019actionnaire<\/span><\/p>\n<\/li>\n<li>\n<p lang=\"zxx\"><span style=\"font-size: large;\">Financement de soci\u00e9t\u00e9<\/span><\/p>\n<\/li>\n<li>\n<p lang=\"zxx\"><span style=\"font-size: large;\">Promesse de vente de parts sociales ou d\u2019actions<\/span><\/p>\n<\/li>\n<li>\n<p lang=\"zxx\"><span style=\"font-size: large;\">Promesse d\u2019achat de parts sociales ou d\u2019actions<\/span><\/p>\n<\/li>\n<li>\n<p lang=\"zxx\"><span style=\"font-size: large;\">R\u00e9duction de capital<\/span><\/p>\n<\/li>\n<li>\n<p lang=\"zxx\"><span style=\"font-size: large;\">Rachat d\u2019actions ou de parts sociales<\/span><\/p>\n<\/li>\n<li>\n<p lang=\"zxx\"><span style=\"font-size: large;\">Cession d&rsquo;entreprise<\/span><\/p>\n<\/li>\n<li>\n<p lang=\"zxx\"><span style=\"font-size: large;\">Reprise et rachat d\u2019entreprise<\/span><\/p>\n<\/li>\n<li>\n<p lang=\"zxx\"><span style=\"font-size: large;\">Dissolution de soci\u00e9t\u00e9<\/span><\/p>\n<\/li>\n<li>\n<p lang=\"zxx\"><span style=\"font-size: large;\">Liquidation de soci\u00e9t\u00e9<\/span><\/p>\n<\/li>\n<\/ul>\n<p>&nbsp;<\/p>\n<div id='share-me'><ul class='share-left'><li><a href=\"http:\/\/www.facebook.com\/sharer.php?u=https:\/\/eloge.net\/index.php\/juridique-fiscalite\/droit-des-societes\/&t=Droit+des+Soci%C3%A9t%C3%A9s\" alt=\"Share on Facebook\" title=\"Share on Facebook\"   onclick=\"return smWindowpop(this.href,545,433)\"><img alt = \"\" src = \"https:\/\/eloge.net\/wp-content\/plugins\/share-me\/\/assets\/images\/simple\/facebook.png\"  height=\"32px\"  width=\"32px\"><\/a><\/li><li><a href=\"https:\/\/plusone.google.com\/_\/+1\/confirm?hl=fr-FR&url=https:\/\/eloge.net\/index.php\/juridique-fiscalite\/droit-des-societes\/\" alt=\"Share on Google+\" title=\"Share on Google+\"  target=\"_blank\" onclick=\"return smWindowpop(this.href,545,433)\"><img alt = \"\" src = \"https:\/\/eloge.net\/wp-content\/plugins\/share-me\/\/assets\/images\/simple\/googleplus.png\"  height=\"32px\"  width=\"32px\"><\/a><\/li><li><a href=\"http:\/\/www.linkedin.com\/shareArticle?mini=true&url=https:\/\/eloge.net\/index.php\/juridique-fiscalite\/droit-des-societes\/&title=Droit+des+Soci%C3%A9t%C3%A9s&source=E-loge\" onclick=\"return smWindowpop(this.href, 545,433)\"><img alt = \"\" src = \"https:\/\/eloge.net\/wp-content\/plugins\/share-me\/\/assets\/images\/simple\/linkedin.png\"  height=\"32px\"  width=\"32px\"><\/a><\/li><\/ul><\/div><br\/>","protected":false},"excerpt":{"rendered":"<p>Droit des Soci\u00e9t\u00e9s Le droit des soci\u00e9t\u00e9s est un domaine complexe et formaliste, dont le p\u00e9rim\u00e8tre est large ! Ci-dessous quelques exemples de la port\u00e9e du Droit des Soci\u00e9t\u00e9s : Constitution de soci\u00e9t\u00e9 (SARL, SAS, SA, SCI) Statuts de soci\u00e9t\u00e9 (SARL, SAS, SA, SCI) Pacte d\u2019actionnaires Responsabilit\u00e9 des administrateurs et &hellip; <a class=\"continue-reading-link\" href=\"https:\/\/eloge.net\/index.php\/juridique-fiscalite\/droit-des-societes\/\"> Continue reading <span class=\"meta-nav\">&rarr; <\/span><\/a><\/p>\n","protected":false},"author":1,"featured_media":0,"parent":21,"menu_order":0,"comment_status":"closed","ping_status":"closed","template":"","meta":[],"_links":{"self":[{"href":"https:\/\/eloge.net\/index.php\/wp-json\/wp\/v2\/pages\/144"}],"collection":[{"href":"https:\/\/eloge.net\/index.php\/wp-json\/wp\/v2\/pages"}],"about":[{"href":"https:\/\/eloge.net\/index.php\/wp-json\/wp\/v2\/types\/page"}],"author":[{"embeddable":true,"href":"https:\/\/eloge.net\/index.php\/wp-json\/wp\/v2\/users\/1"}],"replies":[{"embeddable":true,"href":"https:\/\/eloge.net\/index.php\/wp-json\/wp\/v2\/comments?post=144"}],"version-history":[{"count":5,"href":"https:\/\/eloge.net\/index.php\/wp-json\/wp\/v2\/pages\/144\/revisions"}],"predecessor-version":[{"id":806,"href":"https:\/\/eloge.net\/index.php\/wp-json\/wp\/v2\/pages\/144\/revisions\/806"}],"up":[{"embeddable":true,"href":"https:\/\/eloge.net\/index.php\/wp-json\/wp\/v2\/pages\/21"}],"wp:attachment":[{"href":"https:\/\/eloge.net\/index.php\/wp-json\/wp\/v2\/media?parent=144"}],"curies":[{"name":"wp","href":"https:\/\/api.w.org\/{rel}","templated":true}]}}