{"id":157,"date":"2016-09-23T08:59:24","date_gmt":"2016-09-23T06:59:24","guid":{"rendered":"http:\/\/eloge.net\/?page_id=157"},"modified":"2016-10-18T12:36:45","modified_gmt":"2016-10-18T10:36:45","slug":"les-etapes-de-la-creation-dentreprise","status":"publish","type":"page","link":"https:\/\/eloge.net\/index.php\/creation-entreprises\/les-etapes-de-la-creation-dentreprise\/","title":{"rendered":"Etapes de la Cr\u00e9ation d&rsquo;Entreprise"},"content":{"rendered":"<h3><strong>Quelles sont vos motivations pour cr\u00e9er une Entreprise ?<a href=\"https:\/\/eloge.net\/index.php\/creation-entreprises\/euro-engrenage\/\" rel=\"attachment wp-att-783\"><img loading=\"lazy\" class=\"size-medium wp-image-783 alignright\" src=\"https:\/\/eloge.net\/wp-content\/uploads\/2016\/10\/euro-engrenage-300x199.jpg\" alt=\"Gestion Finances\" width=\"300\" height=\"199\" \/><\/a><\/strong><\/h3>\n<ul>\n<li>Aider les autres (entreprise solidaire)<b><\/b><i><\/i><u><\/u><\/li>\n<li>Avoir du pouvoir<b><\/b><i><\/i><u><\/u><\/li>\n<li>Cr\u00e9er des emplois<b><\/b><i><\/i><u><\/u><\/li>\n<li>\u00catre reconnu par ses pairs, ses proches, etc<\/li>\n<li>Exploiter une id\u00e9e<\/li>\n<li>Gagner beaucoup d&rsquo;argent<\/li>\n<\/ul>\n<p><span style=\"color: #ff0000;\">Nous pouvons vous aider \u00e0 affiner vos objectifs et vous assister (coacher) pour les atteindre !<\/span> <a href=\"https:\/\/eloge.net\/index.php\/contact\/\"><span style=\"color: #008000;\">Contact<\/span><\/a><\/p>\n<ul>\n<li><strong>Choisir le type de soci\u00e9t\u00e9 (d&rsquo;entreprise) <a href=\"https:\/\/eloge.net\/index.php\/juridique-fiscalite\/droit-des-societes\/les-differents-types-dentreprise\/\">(voir les diff\u00e9rents types d&rsquo;entreprises)<\/a><br \/>\n<\/strong><\/li>\n<\/ul>\n<p>Certaines activit\u00e9s r\u00e9glement\u00e9es peuvent induire le choix du type de soci\u00e9t\u00e9 !<\/p>\n<p>L&rsquo;ampleur du projet est \u00e9galement d\u00e9cisif pour effectuer ce choix.<\/p>\n<p><a href=\"https:\/\/eloge.net\/index.php\/creation-entreprises\/\">Seul, avec des associ\u00e9s, avec des actionnaires ?<\/a><\/p>\n<ul>\n<li><strong>Choisir son statut social<\/strong><\/li>\n<\/ul>\n<p>Salari\u00e9, non salari\u00e9 (TNS)<\/p>\n<p>Selon le type d&rsquo;entreprise choisie, le statut diff\u00e8re.<\/p>\n<p><em>exemple<\/em> :<\/p>\n<ul>\n<li>dans les SA &#8211; SAS le dirigeant est assimil\u00e9 salari\u00e9<\/li>\n<li>dans les EURL, le dirigeant est travailleur non salari\u00e9 (TNS)<\/li>\n<\/ul>\n<p><em>Il convient de bien r\u00e9fl\u00e9chir \u00e0 sa situation familiale pr\u00e9sente et future ainsi qu&rsquo;\u00e0 sa situation patrimoniale<\/em><\/p>\n<ul>\n<li><span style=\"color: #000000;\"><strong>Choisir le type d&rsquo;Imposition<\/strong><\/span><\/li>\n<li>\n<h5>IR (imp\u00f4t sur le revenu) &#8211; obligatoire pour les EI<\/h5>\n<\/li>\n<li>\n<h5>IS (imp\u00f4t sur les soci\u00e9t\u00e9s) &#8211; obligatoire pour les SA et SAS<\/h5>\n<\/li>\n<\/ul>\n<p>Le type d&rsquo;imposition peut \u00eatre impos\u00e9 en fonction du type de soci\u00e9t\u00e9 ou optionnel (avec possibilit\u00e9 de retour \u00e0 un autre type d&rsquo;imposition)<\/p>\n<ul>\n<li><strong>Choisir un nom<\/strong> pour cette entreprise (en v\u00e9rifiant qu&rsquo;il n&rsquo;est pas d\u00e9j\u00e0 utilis\u00e9 !) voir le site de l&rsquo;INPI : www.inpi.fr<\/li>\n<\/ul>\n<p>LES CHOIX SONT FAITS : type de soci\u00e9t\u00e9, statut social du dirigeant, type d&rsquo;imposition, nom, adresse &#8230;&#8230;, il faut maintenant enclencher le processus d&rsquo;immatriculation, aupr\u00e8s du <a href=\"https:\/\/eloge.net\/index.php\/2016\/10\/05\/cfe-centre-de-formalites-des-entreprises\/\">CFE comp\u00e9tent<\/a>, pour donner une existence l\u00e9gale \u00e0 l&rsquo;Entreprise.<\/p>\n<p>PROCESSUS D&rsquo;IMMATRICULATION POUR LES SOCIETES DE CAPITAUX :<\/p>\n<p style=\"text-align: left;\">SA &#8211; SARL &#8211; SAS &#8211; EURL &#8211; SASU &#8211; SNC<\/p>\n<ul>\n<li><strong>D\u00e9poser le Capital<\/strong> aupr\u00e8s d&rsquo;un \u00e9tablissement bancaire<\/li>\n<li><strong>R\u00e9diger les statuts<\/strong> (autant d&rsquo;exemplaires que d&rsquo;associ\u00e9s + 3 minimum pour les diff\u00e9rentes formalit\u00e9s) et les <strong>faire signer<\/strong> aux associ\u00e9s &#8211; actionnaires<\/li>\n<li><strong>Publier dans un journal d&rsquo;annonces l\u00e9gales <\/strong>la cr\u00e9ation de la soci\u00e9t\u00e9<\/li>\n<li><strong>Demander l&rsquo;immatriculation<\/strong> de la soci\u00e9t\u00e9 en d\u00e9posant les Statuts aupr\u00e8s de la chambre de commerce et d&rsquo;industrie du d\u00e9partement (CCI)\u00a0et les diff\u00e9rentes pi\u00e8ces demand\u00e9es<\/li>\n<\/ul>\n<p>&nbsp;<\/p>\n<div id='share-me'><ul class='share-left'><li><a href=\"http:\/\/www.facebook.com\/sharer.php?u=https:\/\/eloge.net\/index.php\/creation-entreprises\/les-etapes-de-la-creation-dentreprise\/&t=Etapes+de+la+Cr%C3%A9ation+d%26rsquo%3BEntreprise\" alt=\"Share on Facebook\" title=\"Share on Facebook\"   onclick=\"return smWindowpop(this.href,545,433)\"><img alt = \"\" src = \"https:\/\/eloge.net\/wp-content\/plugins\/share-me\/\/assets\/images\/simple\/facebook.png\"  height=\"32px\"  width=\"32px\"><\/a><\/li><li><a href=\"https:\/\/plusone.google.com\/_\/+1\/confirm?hl=fr-FR&url=https:\/\/eloge.net\/index.php\/creation-entreprises\/les-etapes-de-la-creation-dentreprise\/\" alt=\"Share on Google+\" title=\"Share on Google+\"  target=\"_blank\" onclick=\"return smWindowpop(this.href,545,433)\"><img alt = \"\" src = \"https:\/\/eloge.net\/wp-content\/plugins\/share-me\/\/assets\/images\/simple\/googleplus.png\"  height=\"32px\"  width=\"32px\"><\/a><\/li><li><a href=\"http:\/\/www.linkedin.com\/shareArticle?mini=true&url=https:\/\/eloge.net\/index.php\/creation-entreprises\/les-etapes-de-la-creation-dentreprise\/&title=Etapes+de+la+Cr%C3%A9ation+d%26rsquo%3BEntreprise&source=E-loge\" onclick=\"return smWindowpop(this.href, 545,433)\"><img alt = \"\" src = \"https:\/\/eloge.net\/wp-content\/plugins\/share-me\/\/assets\/images\/simple\/linkedin.png\"  height=\"32px\"  width=\"32px\"><\/a><\/li><\/ul><\/div><br\/>","protected":false},"excerpt":{"rendered":"<p>Quelles sont vos motivations pour cr\u00e9er une Entreprise ? Aider les autres (entreprise solidaire) Avoir du pouvoir Cr\u00e9er des emplois \u00catre reconnu par ses pairs, ses proches, etc Exploiter une id\u00e9e Gagner beaucoup d&rsquo;argent Nous pouvons vous aider \u00e0 affiner vos objectifs et vous assister (coacher) pour les atteindre ! &hellip; <a class=\"continue-reading-link\" href=\"https:\/\/eloge.net\/index.php\/creation-entreprises\/les-etapes-de-la-creation-dentreprise\/\"> Continue reading <span class=\"meta-nav\">&rarr; <\/span><\/a><\/p>\n","protected":false},"author":1,"featured_media":0,"parent":13,"menu_order":0,"comment_status":"closed","ping_status":"closed","template":"template-twocolumns-right.php","meta":[],"_links":{"self":[{"href":"https:\/\/eloge.net\/index.php\/wp-json\/wp\/v2\/pages\/157"}],"collection":[{"href":"https:\/\/eloge.net\/index.php\/wp-json\/wp\/v2\/pages"}],"about":[{"href":"https:\/\/eloge.net\/index.php\/wp-json\/wp\/v2\/types\/page"}],"author":[{"embeddable":true,"href":"https:\/\/eloge.net\/index.php\/wp-json\/wp\/v2\/users\/1"}],"replies":[{"embeddable":true,"href":"https:\/\/eloge.net\/index.php\/wp-json\/wp\/v2\/comments?post=157"}],"version-history":[{"count":24,"href":"https:\/\/eloge.net\/index.php\/wp-json\/wp\/v2\/pages\/157\/revisions"}],"predecessor-version":[{"id":793,"href":"https:\/\/eloge.net\/index.php\/wp-json\/wp\/v2\/pages\/157\/revisions\/793"}],"up":[{"embeddable":true,"href":"https:\/\/eloge.net\/index.php\/wp-json\/wp\/v2\/pages\/13"}],"wp:attachment":[{"href":"https:\/\/eloge.net\/index.php\/wp-json\/wp\/v2\/media?parent=157"}],"curies":[{"name":"wp","href":"https:\/\/api.w.org\/{rel}","templated":true}]}}