{"id":166,"date":"2016-09-23T09:07:14","date_gmt":"2016-09-23T07:07:14","guid":{"rendered":"http:\/\/eloge.net\/?page_id=166"},"modified":"2016-10-18T08:59:21","modified_gmt":"2016-10-18T06:59:21","slug":"les-differents-types-dentreprise","status":"publish","type":"page","link":"https:\/\/eloge.net\/index.php\/juridique-fiscalite\/droit-des-societes\/les-differents-types-dentreprise\/","title":{"rendered":"Les Diff\u00e9rents types d&rsquo;Entreprise"},"content":{"rendered":"<h2><span style=\"color: #000000; font-size: medium;\">Choisir la forme juridique de son entreprise<\/span><\/h2>\n<p>Exploitation individuelle ou soci\u00e9t\u00e9 ? Quel est le r\u00e9gime fiscal des principales formes d&rsquo;entreprises commerciales, industrielles ou artisanales<\/p>\n<h2>L&rsquo;entreprise individuelle<\/h2>\n<p>Pas de capital, pas d&rsquo;associ\u00e9 : juridiquement, c&rsquo;est la forme la plus simple car il n&rsquo;y a pas de distinction entre l&rsquo;entrepreneur et l&rsquo;entreprise elle-m\u00eame. Fiscalement, c&rsquo;est la m\u00eame chose : si vous choisissez d&rsquo;exercer votre activit\u00e9 en tant qu&rsquo;exploitant individuel, vous \u00eates impos\u00e9 personnellement \u00e0 l&rsquo;imp\u00f4t sur le revenu.<\/p>\n<p>Vos b\u00e9n\u00e9fices sont impos\u00e9s selon la nature de votre activit\u00e9 dans la cat\u00e9gorie des b\u00e9n\u00e9fices industriels et commerciaux (BIC), des b\u00e9n\u00e9fices agricoles (BA) ou des b\u00e9n\u00e9fices non commerciaux (BNC), avec les autres revenus de votre foyer.<\/p>\n<p>Il existe \u00e9galement deux formes particuli\u00e8res d\u2019entreprise individuelle :<\/p>\n<p><strong><u>La micro-entreprise<br \/>\n<\/u><\/strong>Sous conditions, les personnes physiques relevant d\u2019un r\u00e9gime micro-fiscal ont la possibilit\u00e9 d\u2019opter pour un r\u00e9gime micro-social. Elles peuvent \u00e9galement, sous conditions et sur option, effectuer un versement lib\u00e9ratoire de l\u2019imp\u00f4t sur le revenu calcul\u00e9 sur leur chiffre d\u2019affaires ou leurs recettes. L\u2019option doit \u00eatre formul\u00e9e avant le 31 d\u00e9cembre de l\u2019ann\u00e9e pr\u00e9c\u00e9dant celle au titre de laquelle elle est exerc\u00e9e, et, en cas de cr\u00e9ation d\u2019activit\u00e9, au plus tard le dernier jour du troisi\u00e8me mois qui suit celui de la cr\u00e9ation. Cette option s\u2019applique tant qu\u2019elle n\u2019a pas \u00e9t\u00e9 express\u00e9ment d\u00e9nonc\u00e9e dans les m\u00eames conditions.<\/p>\n<p><strong><u>L&rsquo;EIRL ou l&rsquo;entreprise individuelle \u00e0 responsabilit\u00e9 limit\u00e9e<br \/>\n<\/u><\/strong>Depuis le 1er janvier 2011, les personnes physiques exer\u00e7ant en nom propre ont la possibilit\u00e9 d\u2019affecter \u00e0 leur activit\u00e9 professionnelle un patrimoine s\u00e9par\u00e9 de leur patrimoine personnel, sans cr\u00e9ation d&rsquo;une personne morale. La responsabilit\u00e9 financi\u00e8re de l\u2019entrepreneur est limit\u00e9e \u00e0 hauteur de la d\u00e9claration d\u2019affectation de patrimoine d\u00e9pos\u00e9e aupr\u00e8s d\u2019un registre d\u00e9di\u00e9 tenu\u00a0selon le type d&rsquo;activit\u00e9\u00a0par les greffiers du tribunal de commerce, les chambres des m\u00e9tiers ou les chambres\u00a0de l\u2019agriculture.<!--more--><br \/>\nDepuis le 1er janvier 2013, les personnes physiques exer\u00e7ant en nom propre ont la possibilit\u00e9 de cr\u00e9er plusieurs EIRL.<br \/>\nFiscalement, l\u2019EIRL est impos\u00e9e de la m\u00eame mani\u00e8re qu&rsquo;un entrepreneur individuel. Toutefois, l&rsquo;entrepreneur individuel qui exerce son activit\u00e9 dans le cadre d&rsquo;une EIRL peut opter pour l&rsquo;assimilation de son EIRL \u00e0 une entreprise unipersonnelle \u00e0 responsabilit\u00e9 limit\u00e9e (EURL) ou \u00e0 une exploitation agricole \u00e0 responsabilit\u00e9 limit\u00e9e (EARL), sauf s\u2019il est micro-entrepreneur.<br \/>\nCette option, irr\u00e9vocable, emporte alors de plein droit l&rsquo;assujettissement \u00e0 l&rsquo;imp\u00f4t sur les soci\u00e9t\u00e9s. Lorsqu&rsquo;elle est exerc\u00e9e, l&rsquo;option emporte la cr\u00e9ation d&rsquo;une personnalit\u00e9 fiscale distincte de celle de la personne physique.<br \/>\n.<\/p>\n<p><b>Plusieurs entrepreneurs = une soci\u00e9t\u00e9<br \/>\n<\/b>M\u00eame sans avoir juridiquement cr\u00e9\u00e9 une soci\u00e9t\u00e9, les personnes qui contr\u00f4lent ou participent \u00e0 une entreprise commune, sont consid\u00e9r\u00e9es comme appartenant \u00e0 une soci\u00e9t\u00e9 de fait. Dans ce cas, chacun des participants est impos\u00e9 sur sa part des b\u00e9n\u00e9fices r\u00e9alis\u00e9s en commun.<\/p>\n<p><img loading=\"lazy\" src=\"data:image\/png;base64,iVBORw0KGgoAAAANSUhEUgAAAAoAAAALCAMAAABxsOwqAAADAFBMVEUaeqwogrFEkrtTm8Bho8Vvq8t+tNDvfhzznlT0pmKMvNWaxNqpzd+31eX3vo35zqnF3erU5u\/i7vTw9vn+9vD\/\/\/\/8A\/sAAAD\/\/\/8AAAAAAAAAAAAAAAAAAAAAAAAAAAAAAAAAAAAAAAAAAAAAAAAAAAAAAAAAAAAAAAAAAAAAAAAAAAAAAAAAAAAAAAAAAAAAAAAAAAAAAAAAAAAAAAAAAAAAAAAAAAAAAAAAAAAAAAAAAAAAAAAAAAAAAAAAAAAAAAAAAAAAAAAAAAAAAAAAAAAAAAAAAAAAAAAAAAAAAAAAAAAAAAAAAAAAAAAAAAAAAAAAAAAAAAAAAAAAAAAAAAAAAAAAAAAAAAAAAAAAAAAAAAAAAAAAAAAAAAAAAAAAAAAAAAAAAAAAAAAAAAAAAAAAAAAAAAAAAAAAAAAAAAAAAAAAAAAAAAAAAAAAAAAAAAAAAAAAAAAAAAAAAAAAAAAAAAAAAAAAAAAAAAAAAAAAAAAAAAAAAAAAAAAAAAAAAAAAAAAAAAAAAAAAAAAAAAAAAAAAAAAAAAAAAAAAAAAAAAAAAAAAAAAAAAAAAAAAAAAAAAAAAAAAAAAAAAAAAAAAAAAAAAAAAAAAAAAAAAAAAAAAAAAAAAAAAAAAAAAAAAAAAAAAAAAAAAAAAAAAAAAAAAAAAAAAAAAAAAAAAAAAAAAAAAAAAAAAAAAAAAAAAAAAAAAAAAAAAAAAAAAAAAAAAAAAAAAAAAAAAAAAAAAAAAAAAAAAAAAAAAAAAAAAAAAAAAAAAAAAAAAAAAAAAAAAAAAAAAAAAAAAAAAAAAAAAAAAAAAAAAAAAAAAAAAAAAAAAAAAAAAAAAAAAAAAAAAAAAAAAAAAAAAAAAAAAAAAAAAAAAAAAAAAAAAAAAAAAAAAAAAAAAAAAAAAAAAAAAAAAAAAAAAAAAAAAAAAAAAAAAAAAAAAAAAAAAAAAAAAAAAAAAAAAAAAAAAAAAAAAAAAAAAAAAAAAAAAAAAAAAAAAAAAAAAAAAAAAAAAAAApYNGNAAAAF3RSTlP\/\/\/\/\/\/\/\/\/\/\/\/\/\/\/\/\/\/\/\/\/\/\/\/\/\/\/\/\/AOZA5l4AAABaSURBVHicFY1BAoQgDAPTCq2yrhY0\/f9ThTlkchvkpMdaZDYBxNatsAiDJk4EJ4GGUni73yyKrXF339mAzXi4HzSByfNe1\/tIxRAd5FB0ZBeoQv4rkafV39QHRLIFJRGGWm8AAAAASUVORK5CYII=\" width=\"10\" height=\"11\" name=\"Image5\" align=\"bottom\" border=\"0\" \/><\/p>\n<h2>L&rsquo;EURL ou l&rsquo;entreprise unipersonnelle \u00e0 responsabilit\u00e9 limit\u00e9e<\/h2>\n<p>Cette structure permet de cr\u00e9er une soci\u00e9t\u00e9 avec un associ\u00e9 unique, que celui-ci soit une personne physique ou une personne morale. Fiscalement, l&rsquo;associ\u00e9 unique personne physique d&rsquo;une EURL est impos\u00e9 de la m\u00eame mani\u00e8re qu&rsquo;un entrepreneur individuel mais il peut opter pour l\u2019assujettissement \u00e0 l&rsquo;IS. En revanche, l\u2019associ\u00e9 personne morale d\u2019une EURL est assujetti \u00e0 l\u2019IS de plein droit.<\/p>\n<p><img loading=\"lazy\" src=\"data:image\/png;base64,iVBORw0KGgoAAAANSUhEUgAAAAoAAAALCAMAAABxsOwqAAADAFBMVEUaeqwogrFEkrtTm8Bho8Vvq8t+tNDvfhzznlT0pmKMvNWaxNqpzd+31eX3vo35zqnF3erU5u\/i7vTw9vn+9vD\/\/\/\/8A\/sAAAD\/\/\/8AAAAAAAAAAAAAAAAAAAAAAAAAAAAAAAAAAAAAAAAAAAAAAAAAAAAAAAAAAAAAAAAAAAAAAAAAAAAAAAAAAAAAAAAAAAAAAAAAAAAAAAAAAAAAAAAAAAAAAAAAAAAAAAAAAAAAAAAAAAAAAAAAAAAAAAAAAAAAAAAAAAAAAAAAAAAAAAAAAAAAAAAAAAAAAAAAAAAAAAAAAAAAAAAAAAAAAAAAAAAAAAAAAAAAAAAAAAAAAAAAAAAAAAAAAAAAAAAAAAAAAAAAAAAAAAAAAAAAAAAAAAAAAAAAAAAAAAAAAAAAAAAAAAAAAAAAAAAAAAAAAAAAAAAAAAAAAAAAAAAAAAAAAAAAAAAAAAAAAAAAAAAAAAAAAAAAAAAAAAAAAAAAAAAAAAAAAAAAAAAAAAAAAAAAAAAAAAAAAAAAAAAAAAAAAAAAAAAAAAAAAAAAAAAAAAAAAAAAAAAAAAAAAAAAAAAAAAAAAAAAAAAAAAAAAAAAAAAAAAAAAAAAAAAAAAAAAAAAAAAAAAAAAAAAAAAAAAAAAAAAAAAAAAAAAAAAAAAAAAAAAAAAAAAAAAAAAAAAAAAAAAAAAAAAAAAAAAAAAAAAAAAAAAAAAAAAAAAAAAAAAAAAAAAAAAAAAAAAAAAAAAAAAAAAAAAAAAAAAAAAAAAAAAAAAAAAAAAAAAAAAAAAAAAAAAAAAAAAAAAAAAAAAAAAAAAAAAAAAAAAAAAAAAAAAAAAAAAAAAAAAAAAAAAAAAAAAAAAAAAAAAAAAAAAAAAAAAAAAAAAAAAAAAAAAAAAAAAAAAAAAAAAAAAAAAAAAAAAAAAAAAAAAAAAAAAAAAAAAAAAAAAAAAAAAAAAAAAAAAAAAAAAAAAAAAAAAAAAAAAAAAAAAAAAAAAAAAAAAAAAAAAAAAAAAAAAAAAAAAAAAAApYNGNAAAAF3RSTlP\/\/\/\/\/\/\/\/\/\/\/\/\/\/\/\/\/\/\/\/\/\/\/\/\/\/\/\/\/AOZA5l4AAABaSURBVHicFY1BAoQgDAPTCq2yrhY0\/f9ThTlkchvkpMdaZDYBxNatsAiDJk4EJ4GGUni73yyKrXF339mAzXi4HzSByfNe1\/tIxRAd5FB0ZBeoQv4rkafV39QHRLIFJRGGWm8AAAAASUVORK5CYII=\" width=\"10\" height=\"11\" name=\"Image6\" align=\"bottom\" border=\"0\" \/><\/p>\n<h2>Les soci\u00e9t\u00e9s de capitaux<\/h2>\n<p>Ces soci\u00e9t\u00e9s sont d\u00e9nomm\u00e9es \u00ab\u00a0de capitaux\u00a0\u00bb car leurs associ\u00e9s ne sont responsables qu&rsquo;\u00e0 hauteur de leur participation au capital (SA, SARL).<br \/>\nSur le plan fiscal, les soci\u00e9t\u00e9s de capitaux sont impos\u00e9es sur leurs b\u00e9n\u00e9fices \u00e0 l&rsquo;imp\u00f4t sur les soci\u00e9t\u00e9s.<br \/>\nLes associ\u00e9s sont impos\u00e9s \u00e0 l&rsquo;imp\u00f4t sur le revenu uniquement sur leurs dividendes (b\u00e9n\u00e9fices distribu\u00e9s) et sur les salaires qu&rsquo;ils per\u00e7oivent \u00e9ventuellement de leur soci\u00e9t\u00e9.<!--more--><\/p>\n<p>Depuis le 5 ao\u00fbt 2008, les SA, SAS et SARL (ou SELARL, SELAFA et SELAS) de moins de cinq ans peuvent opter, sous conditions, pour le r\u00e9gime fiscal des soci\u00e9t\u00e9s de personnes pour une dur\u00e9e maximale de cinq exercices. Chaque associ\u00e9 paie l\u2019imp\u00f4t sur la part de b\u00e9n\u00e9fice qui lui revient en fonction du nombre de parts qu&rsquo;il d\u00e9tient dans le capital de la soci\u00e9t\u00e9.<\/p>\n<h2>Les soci\u00e9t\u00e9s de personnes (notamment SNC, SCI, SCP)<\/h2>\n<p>Les b\u00e9n\u00e9fices r\u00e9alis\u00e9s par ces soci\u00e9t\u00e9s sont soumis \u00e0 l&rsquo;imp\u00f4t sur le revenu (cat\u00e9gorie des b\u00e9n\u00e9fices industriels et commerciaux).<br \/>\nSelon leur qualit\u00e9, les associ\u00e9s sont imposables \u00e0 hauteur de leur quote-part des b\u00e9n\u00e9fices, soit \u00e0 l&rsquo;imp\u00f4t sur le revenu (associ\u00e9s personnes physiques) soit \u00e0 l&rsquo;imp\u00f4t sur les soci\u00e9t\u00e9s (associ\u00e9s personnes morales imposables \u00e0 l&rsquo;IS)<br \/>\nChaque associ\u00e9 paie l&rsquo;imp\u00f4t sur la part de b\u00e9n\u00e9fice qui lui revient en fonction du nombre de parts qu&rsquo;il d\u00e9tient dans le capital de la soci\u00e9t\u00e9.<\/p>\n<p><a href=\"http:\/\/www.entreprises-et-droit.fr\/tableau-comparatif-des-societes-sarl-eurl-sas-sasu-sa-snc\">Diff\u00e9rents types d&rsquo;entreprise<\/a>\u00a0: Tableau comparatif des types d&rsquo;entreprise<\/p>\n<div id='share-me'><ul class='share-left'><li><a href=\"http:\/\/www.facebook.com\/sharer.php?u=https:\/\/eloge.net\/index.php\/juridique-fiscalite\/droit-des-societes\/les-differents-types-dentreprise\/&t=Les+Diff%C3%A9rents+types+d%26rsquo%3BEntreprise\" alt=\"Share on Facebook\" title=\"Share on Facebook\"   onclick=\"return smWindowpop(this.href,545,433)\"><img alt = \"\" src = \"https:\/\/eloge.net\/wp-content\/plugins\/share-me\/\/assets\/images\/simple\/facebook.png\"  height=\"32px\"  width=\"32px\"><\/a><\/li><li><a href=\"https:\/\/plusone.google.com\/_\/+1\/confirm?hl=fr-FR&url=https:\/\/eloge.net\/index.php\/juridique-fiscalite\/droit-des-societes\/les-differents-types-dentreprise\/\" alt=\"Share on Google+\" title=\"Share on Google+\"  target=\"_blank\" onclick=\"return smWindowpop(this.href,545,433)\"><img alt = \"\" src = \"https:\/\/eloge.net\/wp-content\/plugins\/share-me\/\/assets\/images\/simple\/googleplus.png\"  height=\"32px\"  width=\"32px\"><\/a><\/li><li><a href=\"http:\/\/www.linkedin.com\/shareArticle?mini=true&url=https:\/\/eloge.net\/index.php\/juridique-fiscalite\/droit-des-societes\/les-differents-types-dentreprise\/&title=Les+Diff%C3%A9rents+types+d%26rsquo%3BEntreprise&source=E-loge\" onclick=\"return smWindowpop(this.href, 545,433)\"><img alt = \"\" src = \"https:\/\/eloge.net\/wp-content\/plugins\/share-me\/\/assets\/images\/simple\/linkedin.png\"  height=\"32px\"  width=\"32px\"><\/a><\/li><\/ul><\/div><br\/>","protected":false},"excerpt":{"rendered":"<p>Choisir la forme juridique de son entreprise Exploitation individuelle ou soci\u00e9t\u00e9 ? Quel est le r\u00e9gime fiscal des principales formes d&rsquo;entreprises commerciales, industrielles ou artisanales L&rsquo;entreprise individuelle Pas de capital, pas d&rsquo;associ\u00e9 : juridiquement, c&rsquo;est la forme la plus simple car il n&rsquo;y a pas de distinction entre l&rsquo;entrepreneur et &hellip; <a class=\"continue-reading-link\" href=\"https:\/\/eloge.net\/index.php\/juridique-fiscalite\/droit-des-societes\/les-differents-types-dentreprise\/\"> Continue reading <span class=\"meta-nav\">&rarr; <\/span><\/a><\/p>\n","protected":false},"author":1,"featured_media":0,"parent":144,"menu_order":0,"comment_status":"closed","ping_status":"closed","template":"template-twocolumns-right.php","meta":[],"_links":{"self":[{"href":"https:\/\/eloge.net\/index.php\/wp-json\/wp\/v2\/pages\/166"}],"collection":[{"href":"https:\/\/eloge.net\/index.php\/wp-json\/wp\/v2\/pages"}],"about":[{"href":"https:\/\/eloge.net\/index.php\/wp-json\/wp\/v2\/types\/page"}],"author":[{"embeddable":true,"href":"https:\/\/eloge.net\/index.php\/wp-json\/wp\/v2\/users\/1"}],"replies":[{"embeddable":true,"href":"https:\/\/eloge.net\/index.php\/wp-json\/wp\/v2\/comments?post=166"}],"version-history":[{"count":7,"href":"https:\/\/eloge.net\/index.php\/wp-json\/wp\/v2\/pages\/166\/revisions"}],"predecessor-version":[{"id":779,"href":"https:\/\/eloge.net\/index.php\/wp-json\/wp\/v2\/pages\/166\/revisions\/779"}],"up":[{"embeddable":true,"href":"https:\/\/eloge.net\/index.php\/wp-json\/wp\/v2\/pages\/144"}],"wp:attachment":[{"href":"https:\/\/eloge.net\/index.php\/wp-json\/wp\/v2\/media?parent=166"}],"curies":[{"name":"wp","href":"https:\/\/api.w.org\/{rel}","templated":true}]}}