{"id":17,"date":"2016-09-22T09:38:05","date_gmt":"2016-09-22T07:38:05","guid":{"rendered":"http:\/\/eloge.net\/?page_id=17"},"modified":"2019-12-11T19:04:44","modified_gmt":"2019-12-11T18:04:44","slug":"organisation","status":"publish","type":"page","link":"https:\/\/eloge.net\/index.php\/organisation-2\/organisation\/","title":{"rendered":"ORGANISATION Prestations"},"content":{"rendered":"<h1 style=\"text-align: left;\">Organisation : Propositions de prestations<\/h1>\n<ul>\n<li>\n<h3>Audit Organisationnel &#8211; Proposition solutions d&rsquo;am\u00e9lioration &#8211; Mise en place solutions choisies<\/h3>\n<\/li>\n<li>\n<h3><span style=\"color: #000000;\">Cr\u00e9ation de services suite au d\u00e9veloppement ou \u00e9volution de l&rsquo;activit\u00e9\u00a0impliquant\u00a0recrutement &#8211; investissement (Ressources Humaines &#8211; Comptable &#8230;&#8230;)<\/span><\/h3>\n<\/li>\n<li>\n<h3><span style=\"color: #000000;\"><span style=\"color: #000000;\">Organisation (r\u00e9organisation) d&rsquo;entit\u00e9s, de service, d&rsquo;unit\u00e9, de d\u00e9partement<\/span><\/span><\/h3>\n<\/li>\n<li>\n<h3><span style=\"color: #000000;\"><span style=\"color: #000000;\">Mise \u00e0 niveau des\u00a0Comp\u00e9tences suite \u00e9volution du SI (syst\u00e8me informatique) <a href=\"https:\/\/eloge.net\/index.php\/formation\/\"><em>(voir les formations<\/em><\/a>)<\/span><\/span><\/h3>\n<\/li>\n<\/ul>\n<ul>\n<li>\n<h3><span style=\"color: #000000;\">Adaptation \/ Implantation logiciels &#8211; applicatifs<\/span><\/h3>\n<\/li>\n<li>\n<h3>Mise en place de Process(us)<\/h3>\n<\/li>\n<li>\n<h3><span style=\"color: #000000;\">R\u00e9daction de proc\u00e9dures<\/span><\/h3>\n<\/li>\n<li>\n<h3>Structurer les \u00e9quipes &#8211; les process &#8211; les services<\/h3>\n<\/li>\n<li>\n<h3>S\u00e9curiser les op\u00e9rations &#8211; les activit\u00e9s<\/h3>\n<\/li>\n<li>\n<h3>S&rsquo;assurer de la qualit\u00e9 des services &#8211; produits propos\u00e9s aux clients<\/h3>\n<\/li>\n<\/ul>\n<p>&nbsp;<\/p>\n<h1 style=\"text-align: left;\">\u00a0Optimisation<\/h1>\n<ul>\n<li>\n<h3><span style=\"color: #000000;\">Optimisation de Processus\u00a0 <\/span><\/h3>\n<\/li>\n<li>\n<h3><span style=\"color: #000000;\">Recherche de gains de productivit\u00e9 <\/span><b><\/b><i><\/i><u><\/u><\/h3>\n<\/li>\n<\/ul>\n<ul>\n<li>\n<h3><span style=\"color: #000000;\"><span style=\"color: #000000;\">Am\u00e9lioration de conditions de travail des collaborateurs<\/span><\/span><\/h3>\n<\/li>\n<li>\n<h3>Am\u00e9lioration des relations entre collaborateurs<\/h3>\n<\/li>\n<\/ul>\n<ul>\n<li>\n<h3><span style=\"color: #000000;\">Optimisation\u00a0de la Tr\u00e9sorerie<\/span><\/h3>\n<\/li>\n<li>\n<h3>Simplification des t\u00e2ches &#8211; des proc\u00e9dures &#8211; des activit\u00e9s<\/h3>\n<\/li>\n<\/ul>\n<p>Contactez nous pour toute question :<\/p>\n<ul>\n<li>via le formulaire <a href=\"https:\/\/eloge.net\/index.php\/contact\/\">Contact<\/a><\/li>\n<li>par mail contact@eloge.net<\/li>\n<li>par tel 06 37 50 24 98<\/li>\n<\/ul>\n<div id='share-me'><ul class='share-left'><li><a href=\"http:\/\/www.facebook.com\/sharer.php?u=https:\/\/eloge.net\/index.php\/organisation-2\/organisation\/&t=ORGANISATION+Prestations\" alt=\"Share on Facebook\" title=\"Share on Facebook\"   onclick=\"return smWindowpop(this.href,545,433)\"><img alt = \"\" src = \"https:\/\/eloge.net\/wp-content\/plugins\/share-me\/\/assets\/images\/simple\/facebook.png\"  height=\"32px\"  width=\"32px\"><\/a><\/li><li><a href=\"https:\/\/plusone.google.com\/_\/+1\/confirm?hl=fr-FR&url=https:\/\/eloge.net\/index.php\/organisation-2\/organisation\/\" alt=\"Share on Google+\" title=\"Share on Google+\"  target=\"_blank\" onclick=\"return smWindowpop(this.href,545,433)\"><img alt = \"\" src = \"https:\/\/eloge.net\/wp-content\/plugins\/share-me\/\/assets\/images\/simple\/googleplus.png\"  height=\"32px\"  width=\"32px\"><\/a><\/li><li><a href=\"http:\/\/www.linkedin.com\/shareArticle?mini=true&url=https:\/\/eloge.net\/index.php\/organisation-2\/organisation\/&title=ORGANISATION+Prestations&source=E-loge\" onclick=\"return smWindowpop(this.href, 545,433)\"><img alt = \"\" src = \"https:\/\/eloge.net\/wp-content\/plugins\/share-me\/\/assets\/images\/simple\/linkedin.png\"  height=\"32px\"  width=\"32px\"><\/a><\/li><\/ul><\/div><br\/>","protected":false},"excerpt":{"rendered":"<p>Organisation : Propositions de prestations Audit Organisationnel &#8211; Proposition solutions d&rsquo;am\u00e9lioration &#8211; Mise en place solutions choisies Cr\u00e9ation de services suite au d\u00e9veloppement ou \u00e9volution de l&rsquo;activit\u00e9\u00a0impliquant\u00a0recrutement &#8211; investissement (Ressources Humaines &#8211; Comptable &#8230;&#8230;) Organisation (r\u00e9organisation) d&rsquo;entit\u00e9s, de service, d&rsquo;unit\u00e9, de d\u00e9partement Mise \u00e0 niveau des\u00a0Comp\u00e9tences suite \u00e9volution du SI &hellip; <a class=\"continue-reading-link\" href=\"https:\/\/eloge.net\/index.php\/organisation-2\/organisation\/\"> Continue reading <span class=\"meta-nav\">&rarr; <\/span><\/a><\/p>\n","protected":false},"author":1,"featured_media":0,"parent":743,"menu_order":0,"comment_status":"closed","ping_status":"closed","template":"template-twocolumns-right.php","meta":[],"_links":{"self":[{"href":"https:\/\/eloge.net\/index.php\/wp-json\/wp\/v2\/pages\/17"}],"collection":[{"href":"https:\/\/eloge.net\/index.php\/wp-json\/wp\/v2\/pages"}],"about":[{"href":"https:\/\/eloge.net\/index.php\/wp-json\/wp\/v2\/types\/page"}],"author":[{"embeddable":true,"href":"https:\/\/eloge.net\/index.php\/wp-json\/wp\/v2\/users\/1"}],"replies":[{"embeddable":true,"href":"https:\/\/eloge.net\/index.php\/wp-json\/wp\/v2\/comments?post=17"}],"version-history":[{"count":22,"href":"https:\/\/eloge.net\/index.php\/wp-json\/wp\/v2\/pages\/17\/revisions"}],"predecessor-version":[{"id":872,"href":"https:\/\/eloge.net\/index.php\/wp-json\/wp\/v2\/pages\/17\/revisions\/872"}],"up":[{"embeddable":true,"href":"https:\/\/eloge.net\/index.php\/wp-json\/wp\/v2\/pages\/743"}],"wp:attachment":[{"href":"https:\/\/eloge.net\/index.php\/wp-json\/wp\/v2\/media?parent=17"}],"curies":[{"name":"wp","href":"https:\/\/api.w.org\/{rel}","templated":true}]}}