{"id":179,"date":"2016-09-23T10:47:17","date_gmt":"2016-09-23T08:47:17","guid":{"rendered":"http:\/\/eloge.net\/?page_id=179"},"modified":"2016-10-08T19:19:32","modified_gmt":"2016-10-08T17:19:32","slug":"formation-gestion-dentreprise","status":"publish","type":"page","link":"https:\/\/eloge.net\/index.php\/formation\/formation-gestion-dentreprise\/","title":{"rendered":"Formation Gestion d&rsquo;Entreprise"},"content":{"rendered":"<h2 style=\"text-align: left;\"><span style=\"color: #000000;\">Formations en Gestion<\/span><\/h2>\n<ul>\n<li>Analyse Financi\u00e8re<\/li>\n<li>Comptabilit\u00e9<\/li>\n<li>Contr\u00f4le de Gestion<\/li>\n<li>Investissements<\/li>\n<li>Tr\u00e9sorerie<\/li>\n<\/ul>\n<div id='share-me'><ul class='share-left'><li><a href=\"http:\/\/www.facebook.com\/sharer.php?u=https:\/\/eloge.net\/index.php\/formation\/formation-gestion-dentreprise\/&t=Formation+Gestion+d%26rsquo%3BEntreprise\" alt=\"Share on Facebook\" title=\"Share on Facebook\"   onclick=\"return smWindowpop(this.href,545,433)\"><img alt = \"\" src = \"https:\/\/eloge.net\/wp-content\/plugins\/share-me\/\/assets\/images\/simple\/facebook.png\"  height=\"32px\"  width=\"32px\"><\/a><\/li><li><a href=\"https:\/\/plusone.google.com\/_\/+1\/confirm?hl=fr-FR&url=https:\/\/eloge.net\/index.php\/formation\/formation-gestion-dentreprise\/\" alt=\"Share on Google+\" title=\"Share on Google+\"  target=\"_blank\" onclick=\"return smWindowpop(this.href,545,433)\"><img alt = \"\" src = \"https:\/\/eloge.net\/wp-content\/plugins\/share-me\/\/assets\/images\/simple\/googleplus.png\"  height=\"32px\"  width=\"32px\"><\/a><\/li><li><a href=\"http:\/\/www.linkedin.com\/shareArticle?mini=true&url=https:\/\/eloge.net\/index.php\/formation\/formation-gestion-dentreprise\/&title=Formation+Gestion+d%26rsquo%3BEntreprise&source=E-loge\" onclick=\"return smWindowpop(this.href, 545,433)\"><img alt = \"\" src = \"https:\/\/eloge.net\/wp-content\/plugins\/share-me\/\/assets\/images\/simple\/linkedin.png\"  height=\"32px\"  width=\"32px\"><\/a><\/li><\/ul><\/div><br\/>","protected":false},"excerpt":{"rendered":"<p>Formations en Gestion Analyse Financi\u00e8re Comptabilit\u00e9 Contr\u00f4le de Gestion Investissements Tr\u00e9sorerie<\/p>\n","protected":false},"author":1,"featured_media":0,"parent":43,"menu_order":0,"comment_status":"closed","ping_status":"closed","template":"template-twocolumns-right.php","meta":[],"_links":{"self":[{"href":"https:\/\/eloge.net\/index.php\/wp-json\/wp\/v2\/pages\/179"}],"collection":[{"href":"https:\/\/eloge.net\/index.php\/wp-json\/wp\/v2\/pages"}],"about":[{"href":"https:\/\/eloge.net\/index.php\/wp-json\/wp\/v2\/types\/page"}],"author":[{"embeddable":true,"href":"https:\/\/eloge.net\/index.php\/wp-json\/wp\/v2\/users\/1"}],"replies":[{"embeddable":true,"href":"https:\/\/eloge.net\/index.php\/wp-json\/wp\/v2\/comments?post=179"}],"version-history":[{"count":6,"href":"https:\/\/eloge.net\/index.php\/wp-json\/wp\/v2\/pages\/179\/revisions"}],"predecessor-version":[{"id":545,"href":"https:\/\/eloge.net\/index.php\/wp-json\/wp\/v2\/pages\/179\/revisions\/545"}],"up":[{"embeddable":true,"href":"https:\/\/eloge.net\/index.php\/wp-json\/wp\/v2\/pages\/43"}],"wp:attachment":[{"href":"https:\/\/eloge.net\/index.php\/wp-json\/wp\/v2\/media?parent=179"}],"curies":[{"name":"wp","href":"https:\/\/api.w.org\/{rel}","templated":true}]}}