{"id":19,"date":"2016-09-22T09:38:47","date_gmt":"2016-09-22T07:38:47","guid":{"rendered":"http:\/\/eloge.net\/?page_id=19"},"modified":"2019-12-11T19:02:44","modified_gmt":"2019-12-11T18:02:44","slug":"finances-gestion","status":"publish","type":"page","link":"https:\/\/eloge.net\/index.php\/finances-gestion\/","title":{"rendered":"GESTION FINANCES"},"content":{"rendered":"<p><a href=\"https:\/\/eloge.net\/index.php\/assistance-dirigeant\/finances-gestion\/euro-engrenage-2\/\" rel=\"attachment wp-att-784\"><img loading=\"lazy\" class=\"size-medium wp-image-784 alignright\" src=\"https:\/\/eloge.net\/wp-content\/uploads\/2016\/09\/euro-engrenage-300x225.jpg\" alt=\"euro\" width=\"300\" height=\"225\" \/><\/a><\/p>\n<h2>Nous vous assistons dans les domaines de la Gestion et des Finances<\/h2>\n<p>Quelques exemples ci-dessous<\/p>\n<h3>Contactez nous :<\/h3>\n<ul>\n<li>Via le <a href=\"https:\/\/eloge.net\/index.php\/contact\/\">formulaire<\/a><\/li>\n<li>Contact@eloge.net<\/li>\n<li>Tel 06 37 50 24 98<\/li>\n<\/ul>\n<p>GESTION DE TRESORERIE<\/p>\n<ul>\n<li>Plan de Financement (document pluriannuel)<b><\/b><i><\/i><u><\/u><\/li>\n<li>Etablissement du Budget (document annuel)<\/li>\n<li>Bilan (document annuel)<\/li>\n<li>Compte de r\u00e9sultat (document annuel)<\/li>\n<li>Plan ou Budget de Tr\u00e9sorerie (document annuel)<\/li>\n<li>Suivi de Tr\u00e9sorerie<\/li>\n<li>Contr\u00f4le de Gestion<\/li>\n<\/ul>\n<p>RECHERCHE\u00a0DE FINANCEMENT<\/p>\n<ul>\n<li>Demande de cr\u00e9dit aupr\u00e8s des \u00e9tablissements bancaires<\/li>\n<li>Recherche de Financements \/ de Partenaires<\/li>\n<li>Aides diverses : pour les cr\u00e9ations d&rsquo;entreprise, les investissements, l&#8217;embauche de salari\u00e9, les Investissements&#8230;&#8230;<\/li>\n<li>Crowdfunding<\/li>\n<li>Business Angels \/ Cigales&#8230;.<\/li>\n<\/ul>\n<p><span style=\"text-decoration: underline;\">Plan de Financement<\/span> : document pluriannuel enregistrant les besoins de financement et les ressources financi\u00e8res couvrant ces besoins.<\/p>\n<p><span style=\"text-decoration: underline;\">Budget<\/span> : \u00e9tat r\u00e9capitulatif des d\u00e9penses et recettes pr\u00e9visionnelles de l&rsquo;exercice \u00e0 venir. Outil de pilotage, de pr\u00e9vision et de contr\u00f4le des activit\u00e9s.<\/p>\n<p><span style=\"text-decoration: underline;\">Bilan et compte de r\u00e9sultat<\/span> : documents annuels qui retracent les op\u00e9rations des ann\u00e9es ant\u00e9rieures et permettent de comparer les pr\u00e9visions aux r\u00e9alisations et d&rsquo;informer sur la CAF (capacit\u00e9 d&rsquo;autofinancement) de l&rsquo;entreprise.<\/p>\n<p><span style=\"text-decoration: underline;\">Plan ou budget de Tr\u00e9sorerie<\/span> : \u00e9tat r\u00e9capitulatif pr\u00e9visionnel annuel\u00a0retra\u00e7ant mois\u00a0par mois les recettes et d\u00e9penses ainsi que les soldes de tr\u00e9sorerie.<\/p>\n<div id='share-me'><ul class='share-left'><li><a href=\"http:\/\/www.facebook.com\/sharer.php?u=https:\/\/eloge.net\/index.php\/finances-gestion\/&t=GESTION+FINANCES\" alt=\"Share on Facebook\" title=\"Share on Facebook\"   onclick=\"return smWindowpop(this.href,545,433)\"><img alt = \"\" src = \"https:\/\/eloge.net\/wp-content\/plugins\/share-me\/\/assets\/images\/simple\/facebook.png\"  height=\"32px\"  width=\"32px\"><\/a><\/li><li><a href=\"https:\/\/plusone.google.com\/_\/+1\/confirm?hl=fr-FR&url=https:\/\/eloge.net\/index.php\/finances-gestion\/\" alt=\"Share on Google+\" title=\"Share on Google+\"  target=\"_blank\" onclick=\"return smWindowpop(this.href,545,433)\"><img alt = \"\" src = \"https:\/\/eloge.net\/wp-content\/plugins\/share-me\/\/assets\/images\/simple\/googleplus.png\"  height=\"32px\"  width=\"32px\"><\/a><\/li><li><a href=\"http:\/\/www.linkedin.com\/shareArticle?mini=true&url=https:\/\/eloge.net\/index.php\/finances-gestion\/&title=GESTION+FINANCES&source=E-loge\" onclick=\"return smWindowpop(this.href, 545,433)\"><img alt = \"\" src = \"https:\/\/eloge.net\/wp-content\/plugins\/share-me\/\/assets\/images\/simple\/linkedin.png\"  height=\"32px\"  width=\"32px\"><\/a><\/li><\/ul><\/div><br\/>","protected":false},"excerpt":{"rendered":"<p>Nous vous assistons dans les domaines de la Gestion et des Finances Quelques exemples ci-dessous Contactez nous : Via le formulaire Contact@eloge.net Tel 06 37 50 24 98 GESTION DE TRESORERIE Plan de Financement (document pluriannuel) Etablissement du Budget (document annuel) Bilan (document annuel) Compte de r\u00e9sultat (document annuel) Plan &hellip; <a class=\"continue-reading-link\" href=\"https:\/\/eloge.net\/index.php\/finances-gestion\/\"> Continue reading <span class=\"meta-nav\">&rarr; <\/span><\/a><\/p>\n","protected":false},"author":1,"featured_media":0,"parent":0,"menu_order":0,"comment_status":"closed","ping_status":"closed","template":"template-twocolumns-right.php","meta":[],"_links":{"self":[{"href":"https:\/\/eloge.net\/index.php\/wp-json\/wp\/v2\/pages\/19"}],"collection":[{"href":"https:\/\/eloge.net\/index.php\/wp-json\/wp\/v2\/pages"}],"about":[{"href":"https:\/\/eloge.net\/index.php\/wp-json\/wp\/v2\/types\/page"}],"author":[{"embeddable":true,"href":"https:\/\/eloge.net\/index.php\/wp-json\/wp\/v2\/users\/1"}],"replies":[{"embeddable":true,"href":"https:\/\/eloge.net\/index.php\/wp-json\/wp\/v2\/comments?post=19"}],"version-history":[{"count":16,"href":"https:\/\/eloge.net\/index.php\/wp-json\/wp\/v2\/pages\/19\/revisions"}],"predecessor-version":[{"id":871,"href":"https:\/\/eloge.net\/index.php\/wp-json\/wp\/v2\/pages\/19\/revisions\/871"}],"wp:attachment":[{"href":"https:\/\/eloge.net\/index.php\/wp-json\/wp\/v2\/media?parent=19"}],"curies":[{"name":"wp","href":"https:\/\/api.w.org\/{rel}","templated":true}]}}