{"id":21,"date":"2016-09-22T09:39:14","date_gmt":"2016-09-22T07:39:14","guid":{"rendered":"http:\/\/eloge.net\/?page_id=21"},"modified":"2016-10-20T10:03:23","modified_gmt":"2016-10-20T08:03:23","slug":"juridique-fiscalite","status":"publish","type":"page","link":"https:\/\/eloge.net\/index.php\/juridique-fiscalite\/","title":{"rendered":"Juridique Fiscal"},"content":{"rendered":"<p><img loading=\"lazy\" class=\"alignright wp-image-800 size-medium\" src=\"https:\/\/eloge.net\/wp-content\/uploads\/2016\/09\/books-441864_1280-300x225.jpg\" alt=\"Droits\" width=\"300\" height=\"225\" \/><\/p>\n<h2>JURIDIQUE\u00a0FISCAL<\/h2>\n<p>&nbsp;<\/p>\n<p>Droit <a href=\"https:\/\/eloge.net\/index.php\/juridique-fiscalite\/fiscalite\/\">Fisca<\/a>l Fiscalit\u00e9<\/p>\n<p>Droit du <a href=\"https:\/\/eloge.net\/index.php\/juridique-fiscalite\/droit-du-travail\/\">Travail<\/a> et des Relations Sociales<\/p>\n<p>Droit des <a href=\"https:\/\/eloge.net\/index.php\/juridique-fiscalite\/droit-des-societes\/\">Soci\u00e9t\u00e9s<\/a><\/p>\n<div id='share-me'><ul class='share-left'><li><a href=\"http:\/\/www.facebook.com\/sharer.php?u=https:\/\/eloge.net\/index.php\/juridique-fiscalite\/&t=Juridique+Fiscal\" alt=\"Share on Facebook\" title=\"Share on Facebook\"   onclick=\"return smWindowpop(this.href,545,433)\"><img alt = \"\" src = \"https:\/\/eloge.net\/wp-content\/plugins\/share-me\/\/assets\/images\/simple\/facebook.png\"  height=\"32px\"  width=\"32px\"><\/a><\/li><li><a href=\"https:\/\/plusone.google.com\/_\/+1\/confirm?hl=fr-FR&url=https:\/\/eloge.net\/index.php\/juridique-fiscalite\/\" alt=\"Share on Google+\" title=\"Share on Google+\"  target=\"_blank\" onclick=\"return smWindowpop(this.href,545,433)\"><img alt = \"\" src = \"https:\/\/eloge.net\/wp-content\/plugins\/share-me\/\/assets\/images\/simple\/googleplus.png\"  height=\"32px\"  width=\"32px\"><\/a><\/li><li><a href=\"http:\/\/www.linkedin.com\/shareArticle?mini=true&url=https:\/\/eloge.net\/index.php\/juridique-fiscalite\/&title=Juridique+Fiscal&source=E-loge\" onclick=\"return smWindowpop(this.href, 545,433)\"><img alt = \"\" src = \"https:\/\/eloge.net\/wp-content\/plugins\/share-me\/\/assets\/images\/simple\/linkedin.png\"  height=\"32px\"  width=\"32px\"><\/a><\/li><\/ul><\/div><br\/>","protected":false},"excerpt":{"rendered":"<p>JURIDIQUE\u00a0FISCAL &nbsp; Droit Fiscal Fiscalit\u00e9 Droit du Travail et des Relations Sociales Droit des Soci\u00e9t\u00e9s<\/p>\n","protected":false},"author":1,"featured_media":0,"parent":0,"menu_order":0,"comment_status":"closed","ping_status":"closed","template":"","meta":[],"_links":{"self":[{"href":"https:\/\/eloge.net\/index.php\/wp-json\/wp\/v2\/pages\/21"}],"collection":[{"href":"https:\/\/eloge.net\/index.php\/wp-json\/wp\/v2\/pages"}],"about":[{"href":"https:\/\/eloge.net\/index.php\/wp-json\/wp\/v2\/types\/page"}],"author":[{"embeddable":true,"href":"https:\/\/eloge.net\/index.php\/wp-json\/wp\/v2\/users\/1"}],"replies":[{"embeddable":true,"href":"https:\/\/eloge.net\/index.php\/wp-json\/wp\/v2\/comments?post=21"}],"version-history":[{"count":8,"href":"https:\/\/eloge.net\/index.php\/wp-json\/wp\/v2\/pages\/21\/revisions"}],"predecessor-version":[{"id":820,"href":"https:\/\/eloge.net\/index.php\/wp-json\/wp\/v2\/pages\/21\/revisions\/820"}],"wp:attachment":[{"href":"https:\/\/eloge.net\/index.php\/wp-json\/wp\/v2\/media?parent=21"}],"curies":[{"name":"wp","href":"https:\/\/api.w.org\/{rel}","templated":true}]}}