{"id":301,"date":"2016-09-29T16:54:46","date_gmt":"2016-09-29T14:54:46","guid":{"rendered":"http:\/\/eloge.net\/?page_id=301"},"modified":"2019-12-11T19:06:02","modified_gmt":"2019-12-11T18:06:02","slug":"accompagnement-1ere-annee","status":"publish","type":"page","link":"https:\/\/eloge.net\/index.php\/creation-entreprises\/accompagnement-1ere-annee\/","title":{"rendered":"Accompagnement 1\u00e8re Ann\u00e9e"},"content":{"rendered":"<h2>ACCOMPAGNEMENT DE L&rsquo;ENTREPRENEUR LORS DE LA PREMIERE ANNEE D&rsquo;ACTIVITE<\/h2>\n<p>la premi\u00e8re ann\u00e9e de son activit\u00e9 l&rsquo;entrepreneur doit r\u00e9pondre \u00e0 un certain nombre d&rsquo;exigences de caract\u00e8re administratif.<\/p>\n<p>Il\u00a0doit\u00a0conna\u00eetre l&rsquo;ensemble des t\u00e2ches administratives, fiscales, sociales &#8230;. qu&rsquo;il faut effectuer pour la bonne marche des affaires.<\/p>\n<p><span style=\"color: #ff0000;\">Certaines soci\u00e9t\u00e9s cherchent \u00e0 tirer partie de\u00a0\u00ab\u00a0votre innocence\u00a0\u00bb\u00a0pour proposer des services et des achats inutiles !<\/span><\/p>\n<p>Bien que de nombreuses t\u00e2ches soient maintenant effectu\u00e9es sur les sites des organismes, il convient d&rsquo;en conna\u00eetre le fonctionnement.<\/p>\n<p>NOUS VOUS PROPOSONS DE VOUS ACCOMPAGNER\u00a0 POUR PASSER SEREINEMENT LE CAP DE CETTE PREMIERE ANNEE<\/p>\n<ul>\n<li>en vous familiarisant aux contraintes administratives,<\/li>\n<li>en vous proposant des outils d&rsquo;aide \u00e0 la gestion&#8230;&#8230;.<\/li>\n<li>en prenant en charge les d\u00e9marches administratives, fiscales\u00a0&#8230;&#8230;<\/li>\n<li>en r\u00e9pondant \u00e0 vos questions<\/li>\n<\/ul>\n<h3>Contactez nous :<\/h3>\n<ul>\n<li>Via le <a href=\"https:\/\/eloge.net\/index.php\/contact\/\"><span style=\"color: #0d85cc;\">formulaire<\/span><\/a><\/li>\n<li>Contact@eloge.net<\/li>\n<li>Tel 06 37 50 24 98<\/li>\n<\/ul>\n<div id='share-me'><ul class='share-left'><li><a href=\"http:\/\/www.facebook.com\/sharer.php?u=https:\/\/eloge.net\/index.php\/creation-entreprises\/accompagnement-1ere-annee\/&t=Accompagnement+1%C3%A8re+Ann%C3%A9e\" alt=\"Share on Facebook\" title=\"Share on Facebook\"   onclick=\"return smWindowpop(this.href,545,433)\"><img alt = \"\" src = \"https:\/\/eloge.net\/wp-content\/plugins\/share-me\/\/assets\/images\/simple\/facebook.png\"  height=\"32px\"  width=\"32px\"><\/a><\/li><li><a href=\"https:\/\/plusone.google.com\/_\/+1\/confirm?hl=fr-FR&url=https:\/\/eloge.net\/index.php\/creation-entreprises\/accompagnement-1ere-annee\/\" alt=\"Share on Google+\" title=\"Share on Google+\"  target=\"_blank\" onclick=\"return smWindowpop(this.href,545,433)\"><img alt = \"\" src = \"https:\/\/eloge.net\/wp-content\/plugins\/share-me\/\/assets\/images\/simple\/googleplus.png\"  height=\"32px\"  width=\"32px\"><\/a><\/li><li><a href=\"http:\/\/www.linkedin.com\/shareArticle?mini=true&url=https:\/\/eloge.net\/index.php\/creation-entreprises\/accompagnement-1ere-annee\/&title=Accompagnement+1%C3%A8re+Ann%C3%A9e&source=E-loge\" onclick=\"return smWindowpop(this.href, 545,433)\"><img alt = \"\" src = \"https:\/\/eloge.net\/wp-content\/plugins\/share-me\/\/assets\/images\/simple\/linkedin.png\"  height=\"32px\"  width=\"32px\"><\/a><\/li><\/ul><\/div><br\/>","protected":false},"excerpt":{"rendered":"<p>ACCOMPAGNEMENT DE L&rsquo;ENTREPRENEUR LORS DE LA PREMIERE ANNEE D&rsquo;ACTIVITE la premi\u00e8re ann\u00e9e de son activit\u00e9 l&rsquo;entrepreneur doit r\u00e9pondre \u00e0 un certain nombre d&rsquo;exigences de caract\u00e8re administratif. Il\u00a0doit\u00a0conna\u00eetre l&rsquo;ensemble des t\u00e2ches administratives, fiscales, sociales &#8230;. qu&rsquo;il faut effectuer pour la bonne marche des affaires. Certaines soci\u00e9t\u00e9s cherchent \u00e0 tirer partie de\u00a0\u00ab\u00a0votre &hellip; <a class=\"continue-reading-link\" href=\"https:\/\/eloge.net\/index.php\/creation-entreprises\/accompagnement-1ere-annee\/\"> Continue reading <span class=\"meta-nav\">&rarr; <\/span><\/a><\/p>\n","protected":false},"author":1,"featured_media":0,"parent":13,"menu_order":0,"comment_status":"closed","ping_status":"closed","template":"","meta":[],"_links":{"self":[{"href":"https:\/\/eloge.net\/index.php\/wp-json\/wp\/v2\/pages\/301"}],"collection":[{"href":"https:\/\/eloge.net\/index.php\/wp-json\/wp\/v2\/pages"}],"about":[{"href":"https:\/\/eloge.net\/index.php\/wp-json\/wp\/v2\/types\/page"}],"author":[{"embeddable":true,"href":"https:\/\/eloge.net\/index.php\/wp-json\/wp\/v2\/users\/1"}],"replies":[{"embeddable":true,"href":"https:\/\/eloge.net\/index.php\/wp-json\/wp\/v2\/comments?post=301"}],"version-history":[{"count":7,"href":"https:\/\/eloge.net\/index.php\/wp-json\/wp\/v2\/pages\/301\/revisions"}],"predecessor-version":[{"id":873,"href":"https:\/\/eloge.net\/index.php\/wp-json\/wp\/v2\/pages\/301\/revisions\/873"}],"up":[{"embeddable":true,"href":"https:\/\/eloge.net\/index.php\/wp-json\/wp\/v2\/pages\/13"}],"wp:attachment":[{"href":"https:\/\/eloge.net\/index.php\/wp-json\/wp\/v2\/media?parent=301"}],"curies":[{"name":"wp","href":"https:\/\/api.w.org\/{rel}","templated":true}]}}