{"id":329,"date":"2016-09-30T14:31:49","date_gmt":"2016-09-30T12:31:49","guid":{"rendered":"http:\/\/eloge.net\/?page_id=329"},"modified":"2016-09-30T14:34:37","modified_gmt":"2016-09-30T12:34:37","slug":"formation-ressources-humaines","status":"publish","type":"page","link":"https:\/\/eloge.net\/index.php\/formation\/formation-ressources-humaines\/","title":{"rendered":"Formation Ressources Humaines"},"content":{"rendered":"<h2 style=\"text-align: center;\">Formations Ressources Humaines<\/h2>\n<ul>\n<li>Etablissement de\u00a0la Paie<\/li>\n<li>Organismes sociaux (calcul des charges &#8211; paiement &#8211; \u00e9ch\u00e9ancier)<\/li>\n<li>Processus de recrutement<\/li>\n<li>Entretiens (\u00e9valuation &#8211; professionnel &#8211; 2\u00e8me partie de carri\u00e8re &#8230;&#8230;&#8230;)<\/li>\n<li>Droit du travail<\/li>\n<\/ul>\n<div id='share-me'><ul class='share-left'><li><a href=\"http:\/\/www.facebook.com\/sharer.php?u=https:\/\/eloge.net\/index.php\/formation\/formation-ressources-humaines\/&t=Formation+Ressources+Humaines\" alt=\"Share on Facebook\" title=\"Share on Facebook\"   onclick=\"return smWindowpop(this.href,545,433)\"><img alt = \"\" src = \"https:\/\/eloge.net\/wp-content\/plugins\/share-me\/\/assets\/images\/simple\/facebook.png\"  height=\"32px\"  width=\"32px\"><\/a><\/li><li><a href=\"https:\/\/plusone.google.com\/_\/+1\/confirm?hl=fr-FR&url=https:\/\/eloge.net\/index.php\/formation\/formation-ressources-humaines\/\" alt=\"Share on Google+\" title=\"Share on Google+\"  target=\"_blank\" onclick=\"return smWindowpop(this.href,545,433)\"><img alt = \"\" src = \"https:\/\/eloge.net\/wp-content\/plugins\/share-me\/\/assets\/images\/simple\/googleplus.png\"  height=\"32px\"  width=\"32px\"><\/a><\/li><li><a href=\"http:\/\/www.linkedin.com\/shareArticle?mini=true&url=https:\/\/eloge.net\/index.php\/formation\/formation-ressources-humaines\/&title=Formation+Ressources+Humaines&source=E-loge\" onclick=\"return smWindowpop(this.href, 545,433)\"><img alt = \"\" src = \"https:\/\/eloge.net\/wp-content\/plugins\/share-me\/\/assets\/images\/simple\/linkedin.png\"  height=\"32px\"  width=\"32px\"><\/a><\/li><\/ul><\/div><br\/>","protected":false},"excerpt":{"rendered":"<p>Formations Ressources Humaines Etablissement de\u00a0la Paie Organismes sociaux (calcul des charges &#8211; paiement &#8211; \u00e9ch\u00e9ancier) Processus de recrutement Entretiens (\u00e9valuation &#8211; professionnel &#8211; 2\u00e8me partie de carri\u00e8re &#8230;&#8230;&#8230;) Droit du travail<\/p>\n","protected":false},"author":1,"featured_media":0,"parent":43,"menu_order":0,"comment_status":"closed","ping_status":"closed","template":"","meta":[],"_links":{"self":[{"href":"https:\/\/eloge.net\/index.php\/wp-json\/wp\/v2\/pages\/329"}],"collection":[{"href":"https:\/\/eloge.net\/index.php\/wp-json\/wp\/v2\/pages"}],"about":[{"href":"https:\/\/eloge.net\/index.php\/wp-json\/wp\/v2\/types\/page"}],"author":[{"embeddable":true,"href":"https:\/\/eloge.net\/index.php\/wp-json\/wp\/v2\/users\/1"}],"replies":[{"embeddable":true,"href":"https:\/\/eloge.net\/index.php\/wp-json\/wp\/v2\/comments?post=329"}],"version-history":[{"count":2,"href":"https:\/\/eloge.net\/index.php\/wp-json\/wp\/v2\/pages\/329\/revisions"}],"predecessor-version":[{"id":331,"href":"https:\/\/eloge.net\/index.php\/wp-json\/wp\/v2\/pages\/329\/revisions\/331"}],"up":[{"embeddable":true,"href":"https:\/\/eloge.net\/index.php\/wp-json\/wp\/v2\/pages\/43"}],"wp:attachment":[{"href":"https:\/\/eloge.net\/index.php\/wp-json\/wp\/v2\/media?parent=329"}],"curies":[{"name":"wp","href":"https:\/\/api.w.org\/{rel}","templated":true}]}}