{"id":37,"date":"2016-09-22T11:25:46","date_gmt":"2016-09-22T09:25:46","guid":{"rendered":"http:\/\/eloge.net\/?page_id=37"},"modified":"2016-10-23T17:58:49","modified_gmt":"2016-10-23T15:58:49","slug":"contact","status":"publish","type":"page","link":"https:\/\/eloge.net\/index.php\/contact\/","title":{"rendered":"Contact"},"content":{"rendered":"<p style=\"text-align: center;\"><div role=\"form\" class=\"wpcf7\" id=\"wpcf7-f36-o1\" lang=\"fr-FR\" dir=\"ltr\">\n<div class=\"screen-reader-response\"><\/div>\n<form action=\"\/index.php\/wp-json\/wp\/v2\/pages\/37#wpcf7-f36-o1\" method=\"post\" class=\"wpcf7-form\" novalidate=\"novalidate\">\n<div style=\"display: none;\">\n<input type=\"hidden\" name=\"_wpcf7\" value=\"36\" \/>\n<input type=\"hidden\" name=\"_wpcf7_version\" value=\"4.5.1\" \/>\n<input type=\"hidden\" name=\"_wpcf7_locale\" value=\"fr_FR\" \/>\n<input type=\"hidden\" name=\"_wpcf7_unit_tag\" value=\"wpcf7-f36-o1\" \/>\n<input type=\"hidden\" name=\"_wpnonce\" value=\"2a9e78e9f4\" \/>\n<\/div>\n<p><label> Votre nom et\/ou Soci\u00e9t\u00e9 (obligatoire)<br \/>\n    <span class=\"wpcf7-form-control-wrap your-name\"><input type=\"text\" name=\"your-name\" value=\"\" size=\"40\" class=\"wpcf7-form-control wpcf7-text wpcf7-validates-as-required\" aria-required=\"true\" aria-invalid=\"false\" \/><\/span> <\/label><\/p>\n<p><label> Votre e-mail<br \/>\n    <span class=\"wpcf7-form-control-wrap your-email\"><input type=\"text\" name=\"your-email\" value=\"\" size=\"40\" class=\"wpcf7-form-control wpcf7-text wpcf7-validates-as-required\" aria-required=\"true\" aria-invalid=\"false\" \/><\/span> <\/label><\/p>\n<p><label> Sujet<br \/>\n    <span class=\"wpcf7-form-control-wrap your-subject\"><input type=\"text\" name=\"your-subject\" value=\"\" size=\"40\" class=\"wpcf7-form-control wpcf7-text\" aria-invalid=\"false\" \/><\/span> <\/label><\/p>\n<p><label> Votre demande<br \/>\n(si vous souhaitez \u00eatre appel\u00e9 merci d'indiquer \"date et heure appel souhait\u00e9es\")<br \/>\n    <span class=\"wpcf7-form-control-wrap your-message\"><textarea name=\"your-message\" cols=\"40\" rows=\"10\" class=\"wpcf7-form-control wpcf7-textarea\" aria-invalid=\"false\"><\/textarea><\/span> <\/label><\/p>\n<p><label> Votre num\u00e9ro de t\u00e9l\u00e9phone portable<br \/>\n<span class=\"wpcf7-form-control-wrap tel-163\"><input type=\"tel\" name=\"tel-163\" value=\"\" size=\"40\" class=\"wpcf7-form-control wpcf7-text wpcf7-tel wpcf7-validates-as-tel\" aria-invalid=\"false\" \/><\/span> <\/label><\/p>\n<p><label> Votre num\u00e9ro de t\u00e9l\u00e9phone fixe<br \/>\n<span class=\"wpcf7-form-control-wrap tel-757\"><input type=\"tel\" name=\"tel-757\" value=\"\" size=\"40\" class=\"wpcf7-form-control wpcf7-text wpcf7-tel wpcf7-validates-as-tel\" aria-invalid=\"false\" \/><\/span><\/label><\/p>\n<p>Dans le cadre de la RGPD, vous pouvez me contacter.<\/p>\n<p><span class=\"wpcf7-form-control-wrap acceptance-349\"><input type=\"checkbox\" name=\"acceptance-349\" value=\"1\" class=\"wpcf7-form-control wpcf7-acceptance wpcf7-invert\" aria-invalid=\"false\" \/><\/span> J'accepte qu'e-loge utilise mes donn\u00e9es personnelles pour r\u00e9pondre \u00e0 mes demandes et pour me recontacter ult\u00e9rieurement.<\/p>\n<p><label> Vous souhaitez nous joindre ? Appelez nous au 06 37 50 24 98 <\/label><\/p>\n<p><input type=\"submit\" value=\"Envoyer\" class=\"wpcf7-form-control wpcf7-submit\" \/><\/p>\n<div class=\"wpcf7-response-output wpcf7-display-none\"><\/div><\/form><\/div><a href=\"https:\/\/eloge.net\/index.php\/acceuil\/cropped-logonoiretblnceloge-jpg\/\" rel=\"attachment wp-att-814\"><img loading=\"lazy\" class=\"size-thumbnail wp-image-814 alignleft\" src=\"https:\/\/eloge.net\/wp-content\/uploads\/2016\/10\/cropped-logonoiretblnceloge-150x150.jpg\" alt=\"cropped-logonoiretblnceloge.jpg\" width=\"150\" height=\"150\" srcset=\"https:\/\/eloge.net\/wp-content\/uploads\/2016\/10\/cropped-logonoiretblnceloge-150x150.jpg 150w, https:\/\/eloge.net\/wp-content\/uploads\/2016\/10\/cropped-logonoiretblnceloge-300x300.jpg 300w, https:\/\/eloge.net\/wp-content\/uploads\/2016\/10\/cropped-logonoiretblnceloge-270x270.jpg 270w, https:\/\/eloge.net\/wp-content\/uploads\/2016\/10\/cropped-logonoiretblnceloge-192x192.jpg 192w, https:\/\/eloge.net\/wp-content\/uploads\/2016\/10\/cropped-logonoiretblnceloge-180x180.jpg 180w, https:\/\/eloge.net\/wp-content\/uploads\/2016\/10\/cropped-logonoiretblnceloge-32x32.jpg 32w, https:\/\/eloge.net\/wp-content\/uploads\/2016\/10\/cropped-logonoiretblnceloge.jpg 512w\" sizes=\"(max-width: 150px) 100vw, 150px\" \/><\/a><\/p>\n<div id='share-me'><ul class='share-left'><li><a href=\"http:\/\/www.facebook.com\/sharer.php?u=https:\/\/eloge.net\/index.php\/contact\/&t=Contact\" alt=\"Share on Facebook\" title=\"Share on Facebook\"   onclick=\"return smWindowpop(this.href,545,433)\"><img alt = \"\" src = \"https:\/\/eloge.net\/wp-content\/plugins\/share-me\/\/assets\/images\/simple\/facebook.png\"  height=\"32px\"  width=\"32px\"><\/a><\/li><li><a href=\"https:\/\/plusone.google.com\/_\/+1\/confirm?hl=fr-FR&url=https:\/\/eloge.net\/index.php\/contact\/\" alt=\"Share on Google+\" title=\"Share on Google+\"  target=\"_blank\" onclick=\"return smWindowpop(this.href,545,433)\"><img alt = \"\" src = \"https:\/\/eloge.net\/wp-content\/plugins\/share-me\/\/assets\/images\/simple\/googleplus.png\"  height=\"32px\"  width=\"32px\"><\/a><\/li><li><a href=\"http:\/\/www.linkedin.com\/shareArticle?mini=true&url=https:\/\/eloge.net\/index.php\/contact\/&title=Contact&source=E-loge\" onclick=\"return smWindowpop(this.href, 545,433)\"><img alt = \"\" src = \"https:\/\/eloge.net\/wp-content\/plugins\/share-me\/\/assets\/images\/simple\/linkedin.png\"  height=\"32px\"  width=\"32px\"><\/a><\/li><\/ul><\/div><br\/>","protected":false},"excerpt":{"rendered":"","protected":false},"author":1,"featured_media":0,"parent":0,"menu_order":0,"comment_status":"closed","ping_status":"closed","template":"template-onecolumn.php","meta":[],"_links":{"self":[{"href":"https:\/\/eloge.net\/index.php\/wp-json\/wp\/v2\/pages\/37"}],"collection":[{"href":"https:\/\/eloge.net\/index.php\/wp-json\/wp\/v2\/pages"}],"about":[{"href":"https:\/\/eloge.net\/index.php\/wp-json\/wp\/v2\/types\/page"}],"author":[{"embeddable":true,"href":"https:\/\/eloge.net\/index.php\/wp-json\/wp\/v2\/users\/1"}],"replies":[{"embeddable":true,"href":"https:\/\/eloge.net\/index.php\/wp-json\/wp\/v2\/comments?post=37"}],"version-history":[{"count":2,"href":"https:\/\/eloge.net\/index.php\/wp-json\/wp\/v2\/pages\/37\/revisions"}],"predecessor-version":[{"id":847,"href":"https:\/\/eloge.net\/index.php\/wp-json\/wp\/v2\/pages\/37\/revisions\/847"}],"wp:attachment":[{"href":"https:\/\/eloge.net\/index.php\/wp-json\/wp\/v2\/media?parent=37"}],"curies":[{"name":"wp","href":"https:\/\/api.w.org\/{rel}","templated":true}]}}