{"id":41,"date":"2016-09-22T14:25:42","date_gmt":"2016-09-22T12:25:42","guid":{"rendered":"http:\/\/eloge.net\/?page_id=41"},"modified":"2019-12-11T19:08:50","modified_gmt":"2019-12-11T18:08:50","slug":"etudes","status":"publish","type":"page","link":"https:\/\/eloge.net\/index.php\/organisation-2\/organisation\/etudes\/","title":{"rendered":"Etudes"},"content":{"rendered":"<p>Nous pouvons r\u00e9aliser pour vous tout type d&rsquo;\u00e9tude : benchmarking, d&rsquo;opportunit\u00e9, de faisabilit\u00e9 d&rsquo;un projet, de la concurrence, audit, financi\u00e8re, sur les fournisseurs, sur les clients&#8230;&#8230;&#8230;&#8230;.<\/p>\n<p>Exemple d&rsquo;\u00e9tude :<\/p>\n<p>ETUDE D&rsquo;OPPORTUNITE<\/p>\n<p>Vous avez une id\u00e9e de projet !<\/p>\n<p>Comparons le au march\u00e9 !<\/p>\n<p>Am\u00e9liorons le !<\/p>\n<p>Lancez vous ! Avec notre aide !<\/p>\n<p>Contactez nous :<\/p>\n<ul>\n<li>via le <a href=\"https:\/\/eloge.net\/index.php\/contact\/\">formulaire<\/a><\/li>\n<li>par mail : contact@eloge.net<\/li>\n<li>par Tel : 06 37 50 24 98<\/li>\n<\/ul>\n<p>&nbsp;<\/p>\n<p>&nbsp;<\/p>\n<div id='share-me'><ul class='share-left'><li><a href=\"http:\/\/www.facebook.com\/sharer.php?u=https:\/\/eloge.net\/index.php\/organisation-2\/organisation\/etudes\/&t=Etudes\" alt=\"Share on Facebook\" title=\"Share on Facebook\"   onclick=\"return smWindowpop(this.href,545,433)\"><img alt = \"\" src = \"https:\/\/eloge.net\/wp-content\/plugins\/share-me\/\/assets\/images\/simple\/facebook.png\"  height=\"32px\"  width=\"32px\"><\/a><\/li><li><a href=\"https:\/\/plusone.google.com\/_\/+1\/confirm?hl=fr-FR&url=https:\/\/eloge.net\/index.php\/organisation-2\/organisation\/etudes\/\" alt=\"Share on Google+\" title=\"Share on Google+\"  target=\"_blank\" onclick=\"return smWindowpop(this.href,545,433)\"><img alt = \"\" src = \"https:\/\/eloge.net\/wp-content\/plugins\/share-me\/\/assets\/images\/simple\/googleplus.png\"  height=\"32px\"  width=\"32px\"><\/a><\/li><li><a href=\"http:\/\/www.linkedin.com\/shareArticle?mini=true&url=https:\/\/eloge.net\/index.php\/organisation-2\/organisation\/etudes\/&title=Etudes&source=E-loge\" onclick=\"return smWindowpop(this.href, 545,433)\"><img alt = \"\" src = \"https:\/\/eloge.net\/wp-content\/plugins\/share-me\/\/assets\/images\/simple\/linkedin.png\"  height=\"32px\"  width=\"32px\"><\/a><\/li><\/ul><\/div><br\/>","protected":false},"excerpt":{"rendered":"<p>Nous pouvons r\u00e9aliser pour vous tout type d&rsquo;\u00e9tude : benchmarking, d&rsquo;opportunit\u00e9, de faisabilit\u00e9 d&rsquo;un projet, de la concurrence, audit, financi\u00e8re, sur les fournisseurs, sur les clients&#8230;&#8230;&#8230;&#8230;. Exemple d&rsquo;\u00e9tude : ETUDE D&rsquo;OPPORTUNITE Vous avez une id\u00e9e de projet ! Comparons le au march\u00e9 ! Am\u00e9liorons le ! Lancez vous ! Avec &hellip; <a class=\"continue-reading-link\" href=\"https:\/\/eloge.net\/index.php\/organisation-2\/organisation\/etudes\/\"> Continue reading <span class=\"meta-nav\">&rarr; <\/span><\/a><\/p>\n","protected":false},"author":1,"featured_media":205,"parent":17,"menu_order":0,"comment_status":"closed","ping_status":"closed","template":"template-twocolumns-right.php","meta":[],"_links":{"self":[{"href":"https:\/\/eloge.net\/index.php\/wp-json\/wp\/v2\/pages\/41"}],"collection":[{"href":"https:\/\/eloge.net\/index.php\/wp-json\/wp\/v2\/pages"}],"about":[{"href":"https:\/\/eloge.net\/index.php\/wp-json\/wp\/v2\/types\/page"}],"author":[{"embeddable":true,"href":"https:\/\/eloge.net\/index.php\/wp-json\/wp\/v2\/users\/1"}],"replies":[{"embeddable":true,"href":"https:\/\/eloge.net\/index.php\/wp-json\/wp\/v2\/comments?post=41"}],"version-history":[{"count":9,"href":"https:\/\/eloge.net\/index.php\/wp-json\/wp\/v2\/pages\/41\/revisions"}],"predecessor-version":[{"id":874,"href":"https:\/\/eloge.net\/index.php\/wp-json\/wp\/v2\/pages\/41\/revisions\/874"}],"up":[{"embeddable":true,"href":"https:\/\/eloge.net\/index.php\/wp-json\/wp\/v2\/pages\/17"}],"wp:featuredmedia":[{"embeddable":true,"href":"https:\/\/eloge.net\/index.php\/wp-json\/wp\/v2\/media\/205"}],"wp:attachment":[{"href":"https:\/\/eloge.net\/index.php\/wp-json\/wp\/v2\/media?parent=41"}],"curies":[{"name":"wp","href":"https:\/\/api.w.org\/{rel}","templated":true}]}}