{"id":648,"date":"2016-10-13T15:39:38","date_gmt":"2016-10-13T13:39:38","guid":{"rendered":"http:\/\/eloge.net\/?page_id=648"},"modified":"2016-10-18T08:38:01","modified_gmt":"2016-10-18T06:38:01","slug":"tva-2","status":"publish","type":"page","link":"https:\/\/eloge.net\/index.php\/juridique-fiscalite\/fiscalite\/tva-2\/","title":{"rendered":"TVA"},"content":{"rendered":"<h1 class=\"western\">T.V.A<\/h1>\n<h3 class=\"western\"><b>GENERALITES SUR LA TVA<\/b><\/h3>\n<p><span style=\"color: #000000;\"><span style=\"font-size: large;\">La taxe sur la valeur ajout\u00e9e (TVA) est un imp\u00f4t g\u00e9n\u00e9ral sur la consommation qui est directement factur\u00e9 aux clients sur les biens qu&rsquo;ils consomment ou les services qu&rsquo;ils utilisent en France\u00a0.<\/span><\/span><\/p>\n<h3 class=\"western\">CALCUL DE LA TVA A PAYER<\/h3>\n<h3 class=\"western\">Tva \u00e0 payer = Tva Collect\u00e9e \u2013 Tva D\u00e9ductible<\/h3>\n<h1 class=\"western\">T.V.A<\/h1>\n<p><a href=\"http:\/\/www.impots.gouv.fr\/portal\/dgi\/public\/popup;jsessionid=PMCGHUVTLLDMPQFIEIPSFFQ?typePage=cpr02&amp;sfid=50&amp;communaute=2&amp;espId=2&amp;impot=TVA&amp;docOid=documentstandard_457&amp;temNvlPopUp=true\">TVA : les r\u00e9gimes d&rsquo;imposition<\/a><\/p>\n<p><a href=\"http:\/\/www.impots.gouv.fr\/portal\/dgi\/public\/popup;jsessionid=PMCGHUVTLLDMPQFIEIPSFFQ?typePage=cpr02&amp;sfid=50&amp;communaute=2&amp;espId=2&amp;impot=TVA&amp;docOid=documentstandard_1555&amp;temNvlPopUp=true\">TVA agricole : le r\u00e9gime simplifi\u00e9 agricole (RSA)<\/a><\/p>\n<p><a href=\"http:\/\/www.impots.gouv.fr\/portal\/dgi\/public\/popup;jsessionid=PMCGHUVTLLDMPQFIEIPSFFQ?typePage=cpr02&amp;sfid=50&amp;communaute=2&amp;espId=2&amp;impot=TVA&amp;docOid=documentstandard_4474&amp;temNvlPopUp=true\">Taxe sur le chiffre d&rsquo;affaires des exploitants agricoles<\/a><\/p>\n<p><a href=\"http:\/\/www.impots.gouv.fr\/portal\/dgi\/public\/popup;jsessionid=PMCGHUVTLLDMPQFIEIPSFFQ?typePage=cpr02&amp;sfid=50&amp;communaute=2&amp;espId=2&amp;impot=TVA&amp;docOid=documentstandard_1584&amp;temNvlPopUp=true\">Les taxes annexes \u00e0 la TVA<\/a><\/p>\n<p><a href=\"http:\/\/www.impots.gouv.fr\/portal\/dgi\/public\/popup;jsessionid=PMCGHUVTLLDMPQFIEIPSFFQ?typePage=cpr02&amp;sfid=50&amp;communaute=2&amp;espId=2&amp;impot=TVA&amp;docOid=documentstandard_4831&amp;temNvlPopUp=true\">Taux de TVA r\u00e9duit pour les travaux r\u00e9alis\u00e9s dans les logements<\/a><\/p>\n<p><a href=\"http:\/\/www.impots.gouv.fr\/portal\/dgi\/public\/popup;jsessionid=PMCGHUVTLLDMPQFIEIPSFFQ?typePage=cpr02&amp;sfid=50&amp;communaute=2&amp;espId=2&amp;impot=TVA&amp;docOid=documentstandard_462&amp;temNvlPopUp=true\">La d\u00e9duction de la TVA<\/a><\/p>\n<p><a href=\"http:\/\/www.impots.gouv.fr\/portal\/dgi\/public\/popup;jsessionid=PMCGHUVTLLDMPQFIEIPSFFQ?typePage=cpr02&amp;sfid=50&amp;communaute=2&amp;espId=2&amp;impot=TVA&amp;docOid=documentstandard_5385&amp;temNvlPopUp=true\">Le r\u00e9gime des achats en franchise &#8211; Mod\u00e8le d&rsquo;attestation d&rsquo;achats en franchise<\/a><\/p>\n<p><a href=\"http:\/\/www.impots.gouv.fr\/portal\/dgi\/public\/popup;jsessionid=PMCGHUVTLLDMPQFIEIPSFFQ?typePage=cpr02&amp;sfid=50&amp;communaute=2&amp;espId=2&amp;impot=TVA&amp;docOid=documentstandard_1547&amp;temNvlPopUp=true\">Taux de TVA applicable aux logements \u00e9volutifs sociaux dans les DOM<\/a><\/p>\n<p><a href=\"http:\/\/www.impots.gouv.fr\/portal\/dgi\/public\/popup;jsessionid=PMCGHUVTLLDMPQFIEIPSFFQ?typePage=cpr02&amp;sfid=50&amp;communaute=2&amp;espId=2&amp;impot=TVA&amp;docOid=documentstandard_977&amp;temNvlPopUp=true\">TVA et commerce \u00e9lectronique dans l&rsquo;Union Europ\u00e9enne, le mini-guichet unique<\/a><\/p>\n<p><a href=\"http:\/\/www.impots.gouv.fr\/portal\/dgi\/public\/popup;jsessionid=PMCGHUVTLLDMPQFIEIPSFFQ?typePage=cpr02&amp;sfid=50&amp;communaute=2&amp;espId=2&amp;impot=TVA&amp;docOid=documentstandard_2975&amp;temNvlPopUp=true\">Le r\u00e9gime des acomptes TVA pour cong\u00e9s pay\u00e9s<\/a><\/p>\n<p><a href=\"http:\/\/www.impots.gouv.fr\/portal\/deploiement\/p1\/fichedescriptive_7142\/fichedescriptive_7142.pdf\">Autoliquidation des travaux de construction<\/a><\/p>\n<div id='share-me'><ul class='share-left'><li><a href=\"http:\/\/www.facebook.com\/sharer.php?u=https:\/\/eloge.net\/index.php\/juridique-fiscalite\/fiscalite\/tva-2\/&t=TVA\" alt=\"Share on Facebook\" title=\"Share on Facebook\"   onclick=\"return smWindowpop(this.href,545,433)\"><img alt = \"\" src = \"https:\/\/eloge.net\/wp-content\/plugins\/share-me\/\/assets\/images\/simple\/facebook.png\"  height=\"32px\"  width=\"32px\"><\/a><\/li><li><a href=\"https:\/\/plusone.google.com\/_\/+1\/confirm?hl=fr-FR&url=https:\/\/eloge.net\/index.php\/juridique-fiscalite\/fiscalite\/tva-2\/\" alt=\"Share on Google+\" title=\"Share on Google+\"  target=\"_blank\" onclick=\"return smWindowpop(this.href,545,433)\"><img alt = \"\" src = \"https:\/\/eloge.net\/wp-content\/plugins\/share-me\/\/assets\/images\/simple\/googleplus.png\"  height=\"32px\"  width=\"32px\"><\/a><\/li><li><a href=\"http:\/\/www.linkedin.com\/shareArticle?mini=true&url=https:\/\/eloge.net\/index.php\/juridique-fiscalite\/fiscalite\/tva-2\/&title=TVA&source=E-loge\" onclick=\"return smWindowpop(this.href, 545,433)\"><img alt = \"\" src = \"https:\/\/eloge.net\/wp-content\/plugins\/share-me\/\/assets\/images\/simple\/linkedin.png\"  height=\"32px\"  width=\"32px\"><\/a><\/li><\/ul><\/div><br\/>","protected":false},"excerpt":{"rendered":"<p>T.V.A GENERALITES SUR LA TVA La taxe sur la valeur ajout\u00e9e (TVA) est un imp\u00f4t g\u00e9n\u00e9ral sur la consommation qui est directement factur\u00e9 aux clients sur les biens qu&rsquo;ils consomment ou les services qu&rsquo;ils utilisent en France\u00a0. CALCUL DE LA TVA A PAYER Tva \u00e0 payer = Tva Collect\u00e9e \u2013 &hellip; <a class=\"continue-reading-link\" href=\"https:\/\/eloge.net\/index.php\/juridique-fiscalite\/fiscalite\/tva-2\/\"> Continue reading <span class=\"meta-nav\">&rarr; <\/span><\/a><\/p>\n","protected":false},"author":1,"featured_media":0,"parent":152,"menu_order":0,"comment_status":"closed","ping_status":"closed","template":"template-twocolumns-right.php","meta":[],"_links":{"self":[{"href":"https:\/\/eloge.net\/index.php\/wp-json\/wp\/v2\/pages\/648"}],"collection":[{"href":"https:\/\/eloge.net\/index.php\/wp-json\/wp\/v2\/pages"}],"about":[{"href":"https:\/\/eloge.net\/index.php\/wp-json\/wp\/v2\/types\/page"}],"author":[{"embeddable":true,"href":"https:\/\/eloge.net\/index.php\/wp-json\/wp\/v2\/users\/1"}],"replies":[{"embeddable":true,"href":"https:\/\/eloge.net\/index.php\/wp-json\/wp\/v2\/comments?post=648"}],"version-history":[{"count":2,"href":"https:\/\/eloge.net\/index.php\/wp-json\/wp\/v2\/pages\/648\/revisions"}],"predecessor-version":[{"id":773,"href":"https:\/\/eloge.net\/index.php\/wp-json\/wp\/v2\/pages\/648\/revisions\/773"}],"up":[{"embeddable":true,"href":"https:\/\/eloge.net\/index.php\/wp-json\/wp\/v2\/pages\/152"}],"wp:attachment":[{"href":"https:\/\/eloge.net\/index.php\/wp-json\/wp\/v2\/media?parent=648"}],"curies":[{"name":"wp","href":"https:\/\/api.w.org\/{rel}","templated":true}]}}